{"id":644,"date":"2026-05-07T09:00:29","date_gmt":"2026-05-07T07:00:29","guid":{"rendered":"https:\/\/80lat.uken.krakow.pl\/?page_id=644"},"modified":"2026-05-07T10:10:06","modified_gmt":"2026-05-07T08:10:06","slug":"wydawnictwa-jubileuszowe","status":"publish","type":"page","link":"https:\/\/80lat.uken.krakow.pl\/index.php\/wydawnictwa-jubileuszowe\/","title":{"rendered":"Wydawnictwa jubileuszowe"},"content":{"rendered":"\n<p class=\"has-color-1-color has-text-color has-link-color has-huge-font-size wp-elements-c53db3dfcfea067c78fcda5d99a2db8d\" style=\"font-style:normal;font-weight:700;text-transform:uppercase\">Wydawnictwa jubileuszowe<\/p>\n\n\n\n<div class=\"wp-block-columns alignfull is-layout-flex wp-container-core-columns-is-layout-28f84493 wp-block-columns-is-layout-flex\">\n<div class=\"wp-block-column is-layout-flow wp-block-column-is-layout-flow\" style=\"flex-basis:50%\">\n<div class=\"wp-block-cover is-light\" style=\"min-height:600px;aspect-ratio:unset;\"><span aria-hidden=\"true\" class=\"wp-block-cover__background has-background-dim-100 has-background-dim\" style=\"background-color:#f6f6f6\"><\/span><div class=\"wp-block-cover__inner-container is-layout-flow wp-block-cover-is-layout-flow\">\n<figure class=\"wp-block-image aligncenter size-full is-resized\"><img loading=\"lazy\" decoding=\"async\" width=\"1792\" height=\"1792\" src=\"https:\/\/80lat.uken.krakow.pl\/wp-content\/uploads\/2026\/05\/komendarek-okladka.jpg\" alt=\"ok\u0142adka p\u0142yty W\u0142adys\u0142awa Komendarka &quot;Wiruj\u0105ce pola magnetyczne&quot;\" class=\"wp-image-650\" style=\"aspect-ratio:1.0832176308539945;width:482px;height:auto\"\/><\/figure>\n<\/div><\/div>\n<\/div>\n\n\n\n<div class=\"wp-block-column is-vertically-aligned-center is-layout-flow wp-block-column-is-layout-flow\" style=\"padding-top:1em;padding-right:1em;padding-bottom:1em;padding-left:1em\">\n<div class=\"wp-block-columns is-layout-flex wp-container-core-columns-is-layout-28f84493 wp-block-columns-is-layout-flex\">\n<div class=\"wp-block-column is-layout-flow wp-block-column-is-layout-flow\" style=\"flex-basis:320px\">\n<p><strong>\u201eWiruj\u0105ce pola magnetyczne\u201d<\/strong><\/p>\n\n\n\n<p>W\u0142adys\u0142aw Komendarek<\/p>\n\n\n\n<p><\/p>\n<\/div>\n<\/div>\n<\/div>\n<\/div>\n\n\n\n<div class=\"wp-block-columns is-layout-flex wp-container-core-columns-is-layout-28f84493 wp-block-columns-is-layout-flex\">\n<div class=\"wp-block-column is-layout-flow wp-block-column-is-layout-flow\">\n<p class=\"has-color-1-color has-text-color has-link-color has-normal-font-size wp-elements-98ba7b2f4e991229fd98dfe97310def0\"><strong>Z okazji 80. rocznicy powstania Uniwersytetu Komisji Edukacji Narodowej w Krakowie wydany zosta\u0142 dwup\u0142ytowy album \u201eWiruj\u0105ce pola magnetyczne\u201d W\u0142adys\u0142awa Komendarka.<\/strong><\/p>\n\n\n\n<p class=\"has-normal-font-size\">W\u0142adys\u0142aw \u201eGudonis\u201d Komendarek to jeden z najbardziej oryginalnych i wszechstronnych tw\u00f3rc\u00f3w polskiej sceny muzycznej, kompozytor, multiinstrumentalista, producent i pionier muzyki elektronicznej w Polsce.Na swoim koncie ma ponad 30 wydanych p\u0142yt. Ostatnia z nich \u201eWiruj\u0105ce pola magnetyczne\u201d ukaza\u0142a si\u0119 w kwietniu 2026 roku i stanowi zapis koncertu, jaki odby\u0142 si\u0119 11 maja 2025 roku w Auli G\u0142\u00f3wnej UKEN z okazji \u015awi\u0119ta Uniwersytetu Komisji Edukacji Narodowej w Krakowie.<\/p>\n\n\n\n<p><\/p>\n<\/div>\n<\/div>\n\n\n\n<div class=\"wp-block-columns alignwide are-vertically-aligned-top is-layout-flex wp-container-core-columns-is-layout-08c01c1c wp-block-columns-is-layout-flex\">\n<div class=\"wp-block-column is-vertically-aligned-top is-layout-flow wp-block-column-is-layout-flow\">\n<div class=\"wp-block-group wp-container-content-231d8afb is-vertical is-content-justification-left is-nowrap is-layout-flex wp-container-core-group-is-layout-d439c89b wp-block-group-is-layout-flex\" style=\"margin-top:0;margin-bottom:0\">\n<figure class=\"wp-block-image size-full wp-container-content-0733e5d0\"><img loading=\"lazy\" decoding=\"async\" width=\"2000\" height=\"1334\" src=\"https:\/\/80lat.uken.krakow.pl\/wp-content\/uploads\/2026\/05\/komendarek-02.jpg\" alt=\"W\u0142adys\u0142aw Komendarek podczas koncertu\" class=\"wp-image-645\"\/><\/figure>\n\n\n\n<div class=\"wp-block-group is-vertical is-nowrap is-layout-flex wp-container-core-group-is-layout-5280e479 wp-block-group-is-layout-flex\">\n<p class=\"has-normal-font-size\"><\/p>\n\n\n\n<p class=\"has-normal-font-size\"><\/p>\n<\/div>\n<\/div>\n<\/div>\n\n\n\n<div class=\"wp-block-column is-vertically-aligned-top is-layout-flow wp-block-column-is-layout-flow\">\n<div class=\"wp-block-group wp-container-content-231d8afb is-vertical is-layout-flex wp-container-core-group-is-layout-05b43539 wp-block-group-is-layout-flex\" style=\"margin-top:0;margin-bottom:0\">\n<div class=\"wp-block-group is-vertical is-nowrap is-layout-flex wp-container-core-group-is-layout-5280e479 wp-block-group-is-layout-flex\">\n<div style=\"height:0px\" aria-hidden=\"true\" class=\"wp-block-spacer wp-container-content-f96796aa\"><\/div>\n\n\n\n<p class=\"has-normal-font-size\"><\/p>\n\n\n\n<p class=\"has-normal-font-size\"><\/p>\n<\/div>\n\n\n\n<figure class=\"wp-block-image size-full\" style=\"font-size:14px\"><img loading=\"lazy\" decoding=\"async\" width=\"2000\" height=\"1334\" src=\"https:\/\/80lat.uken.krakow.pl\/wp-content\/uploads\/2026\/05\/komendarek-04.jpg\" alt=\"W\u0142adys\u0142aw Komendarek podczas koncertu\" class=\"wp-image-647\"\/><\/figure>\n<\/div>\n<\/div>\n<\/div>\n\n\n\n<div class=\"wp-block-columns is-layout-flex wp-container-core-columns-is-layout-28f84493 wp-block-columns-is-layout-flex\">\n<div class=\"wp-block-column is-layout-flow wp-block-column-is-layout-flow\">\n<p>Na dw\u00f3ch p\u0142ytach znalaz\u0142o si\u0119 kilkana\u015bcie utwor\u00f3w, w tym wariacje na temat utworu \u201eYesterday\u201d The Beatles, Mapa duszy, Przestrze\u0144 czystej energii, Solarny rozum czy Wzbudzanie p\u00f3l kwantowych.<\/p>\n<\/div>\n<\/div>\n\n\n\n<div class=\"wp-block-columns is-layout-flex wp-container-core-columns-is-layout-28f84493 wp-block-columns-is-layout-flex\">\n<div class=\"wp-block-column is-layout-flow wp-block-column-is-layout-flow\">\n<p class=\"has-normal-font-size\">P\u0142yta zosta\u0142a wydana z okazji 80. rocznicy powstania Uniwersytetu Komisji Edukacji Narodowej w Krakowie.<\/p>\n<\/div>\n<\/div>\n\n\n\n<div class=\"wp-block-columns alignfull is-layout-flex wp-container-core-columns-is-layout-28f84493 wp-block-columns-is-layout-flex\">\n<div class=\"wp-block-column is-layout-flow wp-block-column-is-layout-flow\" style=\"flex-basis:50%\">\n<div class=\"wp-block-cover\" style=\"min-height:600px;aspect-ratio:unset;\"><span aria-hidden=\"true\" class=\"wp-block-cover__background has-background-dim-100 has-background-dim\" style=\"background-color:#f6f6f6\"><\/span><div class=\"wp-block-cover__inner-container is-layout-flow wp-block-cover-is-layout-flow\">\n<figure class=\"wp-block-image aligncenter size-full is-resized\"><img loading=\"lazy\" decoding=\"async\" width=\"768\" height=\"709\" src=\"https:\/\/80lat.uken.krakow.pl\/wp-content\/uploads\/2026\/05\/ksi_C4_85_C5_BCeczka_1234-ac-1.jpg\" alt=\"\" class=\"wp-image-665\" style=\"aspect-ratio:1.0832176308539945;width:482px;height:auto\"\/><\/figure>\n<\/div><\/div>\n<\/div>\n\n\n\n<div class=\"wp-block-column is-vertically-aligned-center is-layout-flow wp-block-column-is-layout-flow\" style=\"padding-top:1em;padding-right:1em;padding-bottom:1em;padding-left:1em\">\n<div class=\"wp-block-columns is-layout-flex wp-container-core-columns-is-layout-28f84493 wp-block-columns-is-layout-flex\">\n<div class=\"wp-block-column is-layout-flow wp-block-column-is-layout-flow\" style=\"flex-basis:320px\">\n<p><strong>\u201eReminiscencje\u201d<\/strong><\/p>\n\n\n\n<p>Orkiestra Kameralna Uniwersytetu Komisji Edukacji Narodowej w Krakowie<\/p>\n\n\n\n<p>Ma\u0142gorzata T\u0119czy\u0144ska-K\u0119ska \u2013 dyrygent, kierownictwo artystyczne<\/p>\n<\/div>\n<\/div>\n<\/div>\n<\/div>\n\n\n\n<div class=\"wp-block-columns is-layout-flex wp-container-core-columns-is-layout-28f84493 wp-block-columns-is-layout-flex\">\n<div class=\"wp-block-column is-layout-flow wp-block-column-is-layout-flow\">\n<p class=\"has-color-1-color has-text-color has-link-color has-normal-font-size wp-elements-42b6310ba2545eba039393b6be631c37\"><strong>W roku jubileuszu premier\u0119 mia\u0142a trzecia p\u0142yta Orkiestry Kameralnej Uniwersytetu Komisji Edukacji Narodowej w Krakowie zatytu\u0142owana \u201eReminiscencje\u201d. Album stanowi wyj\u0105tkow\u0105 muzyczn\u0105 podr\u00f3\u017c do przesz\u0142o\u015bci \u2013 przede wszystkim do okresu pandemii, kiedy zesp\u00f3\u0142 realizowa\u0142 koncerty w formule nagra\u0144 i transmisji.<\/strong><\/p>\n\n\n\n<p class=\"has-normal-font-size\">\u201eReminiscencje\u201d to zapis emocji, wspomnie\u0144 oraz artystycznych do\u015bwiadcze\u0144 zwi\u0105zanych z tamtym czasem. D\u017awi\u0119ki przywo\u0142uj\u0105 obrazy miejsc, wydarze\u0144 i spotka\u0144, ale przede wszystkim ludzi, kt\u00f3rzy wsp\u00f3\u0142tworzyli orkiestr\u0119 i do dzi\u015b pozostaj\u0105 wa\u017cn\u0105 cz\u0119\u015bci\u0105 jej historii oraz to\u017csamo\u015bci.<\/p>\n\n\n\n<p>Nagrania zosta\u0142y zrealizowane 5 i 6 pa\u017adziernika 2024 roku w Sali Koncertowej im. prof. Stefana Wojtasa Pa\u0144stwowej Szko\u0142y Muzycznej II stopnia im. W\u0142adys\u0142awa \u017bele\u0144skiego w Krakowie.<\/p>\n\n\n\n<p class=\"has-normal-font-size\">Album zosta\u0142 wydany z okazji 20-lecia dzia\u0142alno\u015bci Orkiestry Kameralnej UKEN oraz w ramach obchod\u00f3w 80. rocznicy powstania Uniwersytetu Komisji Edukacji Narodowej w Krakowie.<\/p>\n<\/div>\n<\/div>\n\n\n\n<div class=\"wp-block-columns alignwide are-vertically-aligned-top is-layout-flex wp-container-core-columns-is-layout-08c01c1c wp-block-columns-is-layout-flex\">\n<div class=\"wp-block-column is-vertically-aligned-top is-layout-flow wp-block-column-is-layout-flow\">\n<div class=\"wp-block-group wp-container-content-231d8afb is-vertical is-content-justification-left is-nowrap is-layout-flex wp-container-core-group-is-layout-d439c89b wp-block-group-is-layout-flex\" style=\"margin-top:0;margin-bottom:0\">\n<figure class=\"wp-block-image size-full wp-container-content-0733e5d0\"><img loading=\"lazy\" decoding=\"async\" width=\"1024\" height=\"683\" src=\"https:\/\/80lat.uken.krakow.pl\/wp-content\/uploads\/2026\/05\/Jubileuszowy-Koncert-Orkiestry-Symfonicznej-i-Choru-Educatus_14.jpg\" alt=\"koncert orkiestry w auli g\u0142\u00f3wnej UKEN\" class=\"wp-image-658\"\/><\/figure>\n\n\n\n<div class=\"wp-block-group is-vertical is-nowrap is-layout-flex wp-container-core-group-is-layout-5280e479 wp-block-group-is-layout-flex\">\n<p><\/p>\n\n\n\n<p class=\"has-normal-font-size\"><\/p>\n<\/div>\n<\/div>\n<\/div>\n\n\n\n<div class=\"wp-block-column is-vertically-aligned-top is-layout-flow wp-block-column-is-layout-flow\">\n<div class=\"wp-block-group wp-container-content-231d8afb is-vertical is-layout-flex wp-container-core-group-is-layout-05b43539 wp-block-group-is-layout-flex\" style=\"margin-top:0;margin-bottom:0\">\n<div class=\"wp-block-group is-vertical is-nowrap is-layout-flex wp-container-core-group-is-layout-5280e479 wp-block-group-is-layout-flex\">\n<div style=\"height:0px\" aria-hidden=\"true\" class=\"wp-block-spacer wp-container-content-f96796aa\"><\/div>\n\n\n\n<p class=\"has-normal-font-size\"><\/p>\n<\/div>\n\n\n\n<figure class=\"wp-block-image size-full\" style=\"font-size:14px\"><img loading=\"lazy\" decoding=\"async\" width=\"1200\" height=\"800\" src=\"https:\/\/80lat.uken.krakow.pl\/wp-content\/uploads\/2026\/05\/497500064_1416337753092094_2349718345953214718_n.jpg\" alt=\"https:\/\/www.youtube.com\/@orkiestrauniwersytetupedag6895\" class=\"wp-image-659\"\/><\/figure>\n<\/div>\n<\/div>\n<\/div>\n\n\n\n<div class=\"wp-block-columns is-layout-flex wp-container-core-columns-is-layout-28f84493 wp-block-columns-is-layout-flex\">\n<div class=\"wp-block-column is-layout-flow wp-block-column-is-layout-flow\">\n<p class=\"has-normal-font-size\">Na p\u0142ycie znalaz\u0142y si\u0119 dzie\u0142a wybitnych kompozytor\u00f3w epoki baroku:<\/p>\n\n\n\n<ul class=\"wp-block-list\">\n<li>Arcangelo Corelli \u2013 <em>Concerto grosso<\/em> op. 6 nr 4<\/li>\n\n\n\n<li>Antonio Vivaldi \u2013 <em>Koncert a-moll<\/em> op. 3<em> nr 6 RV 356<\/em> (<em>L\u2019estro armonico<\/em>)<\/li>\n\n\n\n<li>Antonio Vivaldi \u2013 <em>Koncert podw\u00f3jny a-moll<\/em> <em>op. 3 nr 8 RV 522<\/em> (<em>L\u2019estro armonico<\/em>)<\/li>\n\n\n\n<li>Antonio Vivaldi \u2013 <em>Koncert potr\u00f3jny d-moll<\/em> <em>op. 3 nr 11 RV 565<\/em> (<em>L\u2019estro armonico<\/em>)<\/li>\n\n\n\n<li>Antonio Vivaldi \u2013 <em>Koncert na czworo skrzypiec h-moll<\/em> <em>op. 3 nr 10 RV 580<\/em> (<em>L\u2019estro armonico<\/em>)<\/li>\n<\/ul>\n\n\n\n<p>W nagraniu udzia\u0142 wzi\u0119li:<\/p>\n\n\n\n<ul class=\"wp-block-list\">\n<li>Orkiestra Kameralna Uniwersytetu Komisji Edukacji Narodowej w Krakowie<\/li>\n\n\n\n<li>Krzysztof Garstka, Aleksander Mocek \u2013 klawesyn\/pozytyw<\/li>\n\n\n\n<li>Anna Wiktoria Swoboda \u2013 teorba\/gitara barokowa<\/li>\n\n\n\n<li>Ma\u0142gorzata T\u0119czy\u0144ska-K\u0119ska \u2013 dyrygent, kierownictwo artystyczne<\/li>\n<\/ul>\n<\/div>\n<\/div>\n\n\n\n<div class=\"wp-block-columns is-layout-flex wp-container-core-columns-is-layout-28f84493 wp-block-columns-is-layout-flex\">\n<div class=\"wp-block-column is-layout-flow wp-block-column-is-layout-flow\">\n<p class=\"has-normal-font-size\">\u201eReminiscencje\u201d<strong> <\/strong>to \u015bwiadectwo pasji, artystycznej wra\u017cliwo\u015bci i wieloletniej dzia\u0142alno\u015bci koncertowej orkiestry. Fragmenty p\u0142yty dost\u0119pne s\u0105 na <a href=\"https:\/\/www.youtube.com\/@orkiestrauniwersytetupedag6895\" data-type=\"link\" data-id=\"https:\/\/www.youtube.com\/@orkiestrauniwersytetupedag6895\" target=\"_blank\" rel=\"noreferrer noopener\">kanale YouTube orkiestry<\/a>.<\/p>\n\n\n\n<p><\/p>\n<\/div>\n<\/div>\n\n\n\n<div class=\"wp-block-columns is-layout-flex wp-container-core-columns-is-layout-28f84493 wp-block-columns-is-layout-flex\">\n<div class=\"wp-block-column is-layout-flow wp-block-column-is-layout-flow\"><\/div>\n<\/div>\n","protected":false},"excerpt":{"rendered":"<p>Wydawnictwa jubileuszowe \u201eWiruj\u0105ce pola magnetyczne\u201d W\u0142adys\u0142aw Komendarek Z okazji 80. rocznicy powstania Uniwersytetu Komisji Edukacji Narodowej w Krakowie wydany zosta\u0142 dwup\u0142ytowy album \u201eWiruj\u0105ce pola magnetyczne\u201d W\u0142adys\u0142awa Komendarka. W\u0142adys\u0142aw \u201eGudonis\u201d Komendarek to jeden z najbardziej oryginalnych i wszechstronnych tw\u00f3rc\u00f3w polskiej sceny muzycznej, kompozytor, multiinstrumentalista, producent i pionier muzyki elektronicznej w Polsce.Na swoim koncie ma ponad 30 [&hellip;]<\/p>\n","protected":false},"author":2,"featured_media":0,"parent":0,"menu_order":0,"comment_status":"closed","ping_status":"closed","template":"","meta":{"inline_featured_image":false,"footnotes":""},"class_list":["post-644","page","type-page","status-publish","hentry"],"_links":{"self":[{"href":"https:\/\/80lat.uken.krakow.pl\/index.php\/wp-json\/wp\/v2\/pages\/644","targetHints":{"allow":["GET"]}}],"collection":[{"href":"https:\/\/80lat.uken.krakow.pl\/index.php\/wp-json\/wp\/v2\/pages"}],"about":[{"href":"https:\/\/80lat.uken.krakow.pl\/index.php\/wp-json\/wp\/v2\/types\/page"}],"author":[{"embeddable":true,"href":"https:\/\/80lat.uken.krakow.pl\/index.php\/wp-json\/wp\/v2\/users\/2"}],"replies":[{"embeddable":true,"href":"https:\/\/80lat.uken.krakow.pl\/index.php\/wp-json\/wp\/v2\/comments?post=644"}],"version-history":[{"count":9,"href":"https:\/\/80lat.uken.krakow.pl\/index.php\/wp-json\/wp\/v2\/pages\/644\/revisions"}],"predecessor-version":[{"id":674,"href":"https:\/\/80lat.uken.krakow.pl\/index.php\/wp-json\/wp\/v2\/pages\/644\/revisions\/674"}],"wp:attachment":[{"href":"https:\/\/80lat.uken.krakow.pl\/index.php\/wp-json\/wp\/v2\/media?parent=644"}],"curies":[{"name":"wp","href":"https:\/\/api.w.org\/{rel}","templated":true}]}}