{"id":60,"date":"2026-03-02T09:46:08","date_gmt":"2026-03-02T08:46:08","guid":{"rendered":"https:\/\/80lat.uken.krakow.pl\/?page_id=60"},"modified":"2026-03-09T09:48:03","modified_gmt":"2026-03-09T08:48:03","slug":"dla-mediow","status":"publish","type":"page","link":"https:\/\/80lat.uken.krakow.pl\/index.php\/dla-mediow\/","title":{"rendered":"Dla medi\u00f3w"},"content":{"rendered":"\n<h2 class=\"wp-block-heading\">Kontakt<\/h2>\n\n\n\n<div class=\"wp-block-group alignfull has-global-padding is-layout-constrained wp-container-core-group-is-layout-0debefae wp-block-group-is-layout-constrained\" style=\"padding-top:var(--wp--preset--spacing--normal);padding-right:var(--wp--preset--spacing--normal);padding-bottom:var(--wp--preset--spacing--normal);padding-left:var(--wp--preset--spacing--normal)\">\n<div class=\"wp-block-columns alignwide are-vertically-aligned-center is-layout-flex wp-container-core-columns-is-layout-9f25c019 wp-block-columns-is-layout-flex\">\n<div class=\"wp-block-column is-vertically-aligned-center is-layout-flow wp-block-column-is-layout-flow\">\n<figure class=\"wp-block-image size-full\"><img loading=\"lazy\" decoding=\"async\" width=\"4000\" height=\"4000\" src=\"https:\/\/80lat.uken.krakow.pl\/wp-content\/uploads\/2026\/02\/group-people-standing-front-colorful-message-icons.jpg\" alt=\"\" class=\"wp-image-66\"\/><\/figure>\n<\/div>\n\n\n\n<div class=\"wp-block-column is-vertically-aligned-center is-layout-flow wp-block-column-is-layout-flow\">\n<div class=\"wp-block-columns is-not-stacked-on-mobile is-layout-flex wp-container-core-columns-is-layout-28f84493 wp-block-columns-is-layout-flex\">\n<div class=\"wp-block-column is-layout-flow wp-container-core-column-is-layout-3d072ba8 wp-block-column-is-layout-flow\">\n<div class=\"wp-block-group has-global-padding is-layout-constrained wp-container-core-group-is-layout-f5f3bcb8 wp-block-group-is-layout-constrained\">\n<h2 class=\"wp-block-heading\">Agnieszka Lipszyc<\/h2>\n\n\n\n<p><a href=\"mailto:info@example.com\"><\/a><a href=\"mailto:agnieszka.lipszyc@uken.krakow.pl\">agnieszka.lipszyc@uken.krakow.pl<\/a><\/p>\n<\/div>\n\n\n\n<div class=\"wp-block-group has-global-padding is-layout-constrained wp-container-core-group-is-layout-f5f3bcb8 wp-block-group-is-layout-constrained\">\n<h2 class=\"wp-block-heading\">telefon<\/h2>\n\n\n\n<p><a href=\"mailto:info@example.com\"><\/a><a href=\"mailto:agnieszka.lipszyc@uken.krakow.pl\"><\/a><a href=\"mailto:info@example.com\"><\/a><a href=\"mailto:info@example.com\">12 662 74 79<\/a><\/p>\n<\/div>\n\n\n\n<div class=\"wp-block-group has-global-padding is-layout-constrained wp-container-core-group-is-layout-f5f3bcb8 wp-block-group-is-layout-constrained\">\n<h2 class=\"wp-block-heading\">adres<\/h2>\n\n\n\n<p>ul. Podchor\u0105\u017cych 2, pok\u00f3j 29<\/p>\n<\/div>\n<\/div>\n\n\n\n<div class=\"wp-block-column is-layout-flow wp-container-core-column-is-layout-3d072ba8 wp-block-column-is-layout-flow\">\n<div class=\"wp-block-group has-global-padding is-layout-constrained wp-container-core-group-is-layout-f5f3bcb8 wp-block-group-is-layout-constrained\"><\/div>\n\n\n\n<div class=\"wp-block-group has-global-padding is-layout-constrained wp-container-core-group-is-layout-f5f3bcb8 wp-block-group-is-layout-constrained\">\n<h2 class=\"wp-block-heading\">obserwuj UKEN<\/h2>\n\n\n\n<p><a href=\"https:\/\/www.facebook.com\/uken.krakow\" target=\"_blank\" rel=\"noreferrer noopener\">Facebook<\/a><\/p>\n\n\n\n<p><a href=\"#\">Linkedin<\/a><\/p>\n\n\n\n<p><a href=\"#\">Instagram<\/a><\/p>\n\n\n\n<p><a href=\"#\">X<\/a><\/p>\n\n\n\n<p><a href=\"#\">YouTube<\/a><\/p>\n<\/div>\n<\/div>\n<\/div>\n<\/div>\n<\/div>\n<\/div>\n\n\n\n<div class=\"wp-block-group alignfull has-global-padding is-layout-constrained wp-container-core-group-is-layout-0debefae wp-block-group-is-layout-constrained\" style=\"padding-top:var(--wp--preset--spacing--normal);padding-right:var(--wp--preset--spacing--normal);padding-bottom:var(--wp--preset--spacing--normal);padding-left:var(--wp--preset--spacing--normal)\">\n<div class=\"wp-block-columns alignwide is-layout-flex wp-container-core-columns-is-layout-28f84493 wp-block-columns-is-layout-flex\">\n<div class=\"wp-block-column is-layout-flow wp-block-column-is-layout-flow\">\n<h2 class=\"wp-block-heading has-x-huge-font-size\" style=\"font-style:normal;font-weight:700;line-height:1;text-transform:uppercase\">Logo Jubileuszowe<\/h2>\n\n\n\n<p>W 2026 roku Uniwersytet Komisji Edukacji Narodowej w&nbsp;Krakowie obchodzi osiemdziesi\u0105t\u0105 rocznic\u0119 powstania.<\/p>\n<\/div>\n\n\n\n<div class=\"wp-block-column is-layout-flow wp-block-column-is-layout-flow\">\n<p class=\"has-color-1-color has-text-color has-big-font-size\"><strong>W ramach przygotowa\u0144 do roku jubileuszowego zosta\u0142o przygotowane logo, kt\u00f3rego autorem jest Ewelina El\u017cbieta Cis, tw\u00f3rca obecnego systemu identyfikacji wizualnej uczelni.<\/strong><\/p>\n\n\n\n<div class=\"wp-block-buttons is-layout-flex wp-block-buttons-is-layout-flex\">\n<div class=\"wp-block-button\"><a class=\"wp-block-button__link wp-element-button\" href=\"https:\/\/files.up.krakow.pl\/logo\/uken80\/UKEN_logo_80_lat.zip\" target=\"_blank\" rel=\"noreferrer noopener\">pobierz<\/a><\/div>\n<\/div>\n\n\n\n<p><\/p>\n<\/div>\n<\/div>\n<\/div>\n\n\n\n<p><\/p>\n","protected":false},"excerpt":{"rendered":"<p>Kontakt Agnieszka Lipszyc agnieszka.lipszyc@uken.krakow.pl telefon 12 662 74 79 adres ul. Podchor\u0105\u017cych 2, pok\u00f3j 29 obserwuj UKEN Facebook Linkedin Instagram X YouTube Logo Jubileuszowe W 2026 roku Uniwersytet Komisji Edukacji Narodowej w&nbsp;Krakowie obchodzi osiemdziesi\u0105t\u0105 rocznic\u0119 powstania. W ramach przygotowa\u0144 do roku jubileuszowego zosta\u0142o przygotowane logo, kt\u00f3rego autorem jest Ewelina El\u017cbieta Cis, tw\u00f3rca obecnego systemu identyfikacji [&hellip;]<\/p>\n","protected":false},"author":2,"featured_media":0,"parent":0,"menu_order":0,"comment_status":"closed","ping_status":"closed","template":"","meta":{"inline_featured_image":false,"footnotes":""},"class_list":["post-60","page","type-page","status-publish","hentry"],"_links":{"self":[{"href":"https:\/\/80lat.uken.krakow.pl\/index.php\/wp-json\/wp\/v2\/pages\/60","targetHints":{"allow":["GET"]}}],"collection":[{"href":"https:\/\/80lat.uken.krakow.pl\/index.php\/wp-json\/wp\/v2\/pages"}],"about":[{"href":"https:\/\/80lat.uken.krakow.pl\/index.php\/wp-json\/wp\/v2\/types\/page"}],"author":[{"embeddable":true,"href":"https:\/\/80lat.uken.krakow.pl\/index.php\/wp-json\/wp\/v2\/users\/2"}],"replies":[{"embeddable":true,"href":"https:\/\/80lat.uken.krakow.pl\/index.php\/wp-json\/wp\/v2\/comments?post=60"}],"version-history":[{"count":6,"href":"https:\/\/80lat.uken.krakow.pl\/index.php\/wp-json\/wp\/v2\/pages\/60\/revisions"}],"predecessor-version":[{"id":521,"href":"https:\/\/80lat.uken.krakow.pl\/index.php\/wp-json\/wp\/v2\/pages\/60\/revisions\/521"}],"wp:attachment":[{"href":"https:\/\/80lat.uken.krakow.pl\/index.php\/wp-json\/wp\/v2\/media?parent=60"}],"curies":[{"name":"wp","href":"https:\/\/api.w.org\/{rel}","templated":true}]}}