{"id":46,"date":"2026-03-02T09:44:31","date_gmt":"2026-03-02T08:44:31","guid":{"rendered":"https:\/\/80lat.uken.krakow.pl\/?page_id=46"},"modified":"2026-04-27T12:16:21","modified_gmt":"2026-04-27T10:16:21","slug":"komitet-jubileuszowy","status":"publish","type":"page","link":"https:\/\/80lat.uken.krakow.pl\/index.php\/komitet-jubileuszowy\/","title":{"rendered":"Komitet Jubileuszowy"},"content":{"rendered":"\n<div class=\"wp-block-group alignfull has-global-padding is-layout-constrained wp-container-core-group-is-layout-e5c0cd5e wp-block-group-is-layout-constrained\" style=\"padding-top:30px;padding-right:30px;padding-bottom:30px;padding-left:30px\">\n<div class=\"wp-block-columns alignwide are-vertically-aligned-center is-layout-flex wp-container-core-columns-is-layout-9f25c019 wp-block-columns-is-layout-flex\">\n<div class=\"wp-block-column is-vertically-aligned-center is-layout-flow wp-block-column-is-layout-flow\">\n<figure class=\"wp-block-image aligncenter size-full\"><img loading=\"lazy\" decoding=\"async\" width=\"2592\" height=\"3888\" src=\"https:\/\/80lat.uken.krakow.pl\/wp-content\/uploads\/2026\/02\/IMG_6928-kopia.jpg\" alt=\"\" class=\"wp-image-56\" style=\"aspect-ratio:3\/4;object-fit:cover\"\/><\/figure>\n<\/div>\n\n\n\n<div class=\"wp-block-column is-vertically-aligned-center is-layout-flow wp-container-core-column-is-layout-360d14ef wp-block-column-is-layout-flow\">\n<p>Komitet Organizacyjny <\/p>\n\n\n\n<h2 class=\"wp-block-heading has-huge-font-size\">Jubileuszu 80-lecia Uczelni<\/h2>\n\n\n\n<p>dr hab. Wojciech B\u0105k, prof. UKEN<br>p.o. Rektor Uniwersytetu Komisji Edukacji Narodowej w Krakowie<br>Przewodnicz\u0105cy Komitetu Jubileuszowego<\/p>\n\n\n\n<p>dr hab. Katarzyna Plutecka, prof. UKEN<br>Prorektor ds. Studenckich<\/p>\n\n\n\n<p>dr hab. Jacek Chmieli\u0144ski, prof. UKEN<br>Prorektor ds. Kszta\u0142cenia<\/p>\n\n\n\n<p>dr hab. Micha\u0142 Rogo\u017c, prof. UKEN<br>Prorektor ds. Nauki<\/p>\n\n\n\n<p>prof. dr hab. in\u017c. Andrzej Kozera<br>Dyrektor Instytutu Prawa, Ekonomii i Administracji<\/p>\n\n\n\n<p>prof. dr hab. \u0141ukasz Sroka<br>Przewodnicz\u0105cy Rady Dyscypliny Historia<\/p>\n\n\n\n<p>prof.  dr hab. Norbert Piku\u0142a<br>Dyrektor Instytutu Zarz\u0105dzania i Spraw Spo\u0142ecznych<\/p>\n\n\n\n<p>dr Grzegorz Sudo\u0142<br>Instytut Prawa, Ekonomii i Administracji<\/p>\n\n\n\n<p>mgr Aneta W\u00f3jcik<br>Kanclerz<\/p>\n\n\n\n<p>mgr Kinga Pietrzyk<br>Kierownik Biura Rektora<\/p>\n\n\n\n<p>mgr Tomasz Kolosek<br>Kwestor<\/p>\n\n\n\n<p>mgr Adam Gliksman<br>Kierownik Dzia\u0142u Promocji<br>Sekretarz Komitetu Jubileuszowego<\/p>\n<\/div>\n<\/div>\n<\/div>\n\n\n\n<p><\/p>\n","protected":false},"excerpt":{"rendered":"<p>Komitet Organizacyjny Jubileuszu 80-lecia Uczelni dr hab. Wojciech B\u0105k, prof. UKENp.o. Rektor Uniwersytetu Komisji Edukacji Narodowej w KrakowiePrzewodnicz\u0105cy Komitetu Jubileuszowego dr hab. Katarzyna Plutecka, prof. UKENProrektor ds. Studenckich dr hab. Jacek Chmieli\u0144ski, prof. UKENProrektor ds. Kszta\u0142cenia dr hab. Micha\u0142 Rogo\u017c, prof. UKENProrektor ds. Nauki prof. dr hab. in\u017c. Andrzej KozeraDyrektor Instytutu Prawa, Ekonomii i Administracji [&hellip;]<\/p>\n","protected":false},"author":2,"featured_media":0,"parent":0,"menu_order":0,"comment_status":"closed","ping_status":"closed","template":"","meta":{"inline_featured_image":false,"footnotes":""},"class_list":["post-46","page","type-page","status-publish","hentry"],"_links":{"self":[{"href":"https:\/\/80lat.uken.krakow.pl\/index.php\/wp-json\/wp\/v2\/pages\/46","targetHints":{"allow":["GET"]}}],"collection":[{"href":"https:\/\/80lat.uken.krakow.pl\/index.php\/wp-json\/wp\/v2\/pages"}],"about":[{"href":"https:\/\/80lat.uken.krakow.pl\/index.php\/wp-json\/wp\/v2\/types\/page"}],"author":[{"embeddable":true,"href":"https:\/\/80lat.uken.krakow.pl\/index.php\/wp-json\/wp\/v2\/users\/2"}],"replies":[{"embeddable":true,"href":"https:\/\/80lat.uken.krakow.pl\/index.php\/wp-json\/wp\/v2\/comments?post=46"}],"version-history":[{"count":6,"href":"https:\/\/80lat.uken.krakow.pl\/index.php\/wp-json\/wp\/v2\/pages\/46\/revisions"}],"predecessor-version":[{"id":603,"href":"https:\/\/80lat.uken.krakow.pl\/index.php\/wp-json\/wp\/v2\/pages\/46\/revisions\/603"}],"wp:attachment":[{"href":"https:\/\/80lat.uken.krakow.pl\/index.php\/wp-json\/wp\/v2\/media?parent=46"}],"curies":[{"name":"wp","href":"https:\/\/api.w.org\/{rel}","templated":true}]}}