{"id":44,"date":"2026-03-02T09:50:30","date_gmt":"2026-03-02T08:50:30","guid":{"rendered":"https:\/\/80lat.uken.krakow.pl\/?page_id=44"},"modified":"2026-03-05T11:35:13","modified_gmt":"2026-03-05T10:35:13","slug":"kontakt","status":"publish","type":"page","link":"https:\/\/80lat.uken.krakow.pl\/index.php\/kontakt\/","title":{"rendered":"Kontakt"},"content":{"rendered":"\n<h2 class=\"wp-block-heading\">Uniwersytet <br>Komisji Edukacji Narodowej <br>w Krakowie<\/h2>\n\n\n\n<figure class=\"wp-block-image alignwide size-full\"><img loading=\"lazy\" decoding=\"async\" width=\"5092\" height=\"3395\" src=\"https:\/\/80lat.uken.krakow.pl\/wp-content\/uploads\/2026\/02\/IMG_0623-Poprawione-NR-kopia-2.jpg\" alt=\"\" class=\"wp-image-63\"\/><\/figure>\n\n\n\n<div class=\"wp-block-group alignfull has-global-padding is-layout-constrained wp-container-core-group-is-layout-dd39f010 wp-block-group-is-layout-constrained\" style=\"padding-top:var(--wp--preset--spacing--normal);padding-right:var(--wp--preset--spacing--normal);padding-bottom:var(--wp--preset--spacing--normal);padding-left:var(--wp--preset--spacing--normal)\">\n<div class=\"wp-block-columns alignwide is-layout-flex wp-container-core-columns-is-layout-28f84493 wp-block-columns-is-layout-flex\">\n<div class=\"wp-block-column is-layout-flow wp-block-column-is-layout-flow\">\n<div class=\"wp-block-columns is-not-stacked-on-mobile is-layout-flex wp-container-core-columns-is-layout-28f84493 wp-block-columns-is-layout-flex\">\n<div class=\"wp-block-column is-layout-flow wp-block-column-is-layout-flow\">\n<figure class=\"wp-block-image size-full\"><img decoding=\"async\" src=\"https:\/\/80lat.uken.krakow.pl\/wp-content\/themes\/prime-fse\/assets\/images\/icons\/phone.png\" alt=\"\"\/><\/figure>\n\n\n\n<h2 class=\"wp-block-heading\">telefon<\/h2>\n\n\n\n<p style=\"margin-top:10px\"><a href=\"#\">12 662 60 14<\/a><\/p>\n<\/div>\n\n\n\n<div class=\"wp-block-column is-layout-flow wp-block-column-is-layout-flow\">\n<figure class=\"wp-block-image size-full\"><img decoding=\"async\" src=\"https:\/\/80lat.uken.krakow.pl\/wp-content\/themes\/prime-fse\/assets\/images\/icons\/socials.png\" alt=\"\"\/><\/figure>\n\n\n\n<h2 class=\"wp-block-heading\">obserwuj nas<\/h2>\n\n\n\n<p style=\"margin-top:10px\"><a href=\"https:\/\/www.facebook.com\/uken.krakow\" target=\"_blank\" rel=\"noreferrer noopener\">Facebook<\/a><\/p>\n\n\n\n<p style=\"margin-top:10px\"><a href=\"https:\/\/www.linkedin.com\/school\/ukenkrakow\" target=\"_blank\" rel=\"noreferrer noopener\">Linkedin<\/a><\/p>\n\n\n\n<p style=\"margin-top:10px\"><a href=\"https:\/\/www.instagram.com\/uken.krakow\/\" target=\"_blank\" rel=\"noreferrer noopener\">Instagram<\/a><\/p>\n\n\n\n<p style=\"margin-top:10px\"><a href=\"https:\/\/www.facebook.com\/uken.krakow\" target=\"_blank\" rel=\"noreferrer noopener\">X<\/a><\/p>\n\n\n\n<p style=\"margin-top:10px\"><a href=\"https:\/\/www.youtube.com\/@uken.krakow\" target=\"_blank\" rel=\"noreferrer noopener\">YouTube<\/a><\/p>\n<\/div>\n<\/div>\n<\/div>\n\n\n\n<div class=\"wp-block-column is-layout-flow wp-block-column-is-layout-flow\">\n<div class=\"wp-block-columns is-not-stacked-on-mobile is-layout-flex wp-container-core-columns-is-layout-28f84493 wp-block-columns-is-layout-flex\">\n<div class=\"wp-block-column is-layout-flow wp-block-column-is-layout-flow\">\n<figure class=\"wp-block-image size-full\"><img decoding=\"async\" src=\"https:\/\/80lat.uken.krakow.pl\/wp-content\/themes\/prime-fse\/assets\/images\/icons\/mail.png\" alt=\"\"\/><\/figure>\n\n\n\n<h2 class=\"wp-block-heading\">e-mail<\/h2>\n\n\n\n<p style=\"margin-top:10px\"><a href=\"mailto:info@example.com\">info@up.krakow.pl<\/a><\/p>\n<\/div>\n\n\n\n<div class=\"wp-block-column is-layout-flow wp-block-column-is-layout-flow\">\n<figure class=\"wp-block-image size-full\"><img decoding=\"async\" src=\"https:\/\/80lat.uken.krakow.pl\/wp-content\/themes\/prime-fse\/assets\/images\/icons\/pin.png\" alt=\"\"\/><\/figure>\n\n\n\n<h2 class=\"wp-block-heading\">adres<\/h2>\n\n\n\n<p style=\"margin-top:10px\">ul. Podchor\u0105\u017cych 2, 30-084 Krak\u00f3w<\/p>\n<\/div>\n<\/div>\n<\/div>\n<\/div>\n<\/div>\n\n\n\n<h2 class=\"wp-block-heading\">Biuro Promocji<\/h2>\n\n\n\n<div class=\"wp-block-group alignfull has-global-padding is-layout-constrained wp-container-core-group-is-layout-0debefae wp-block-group-is-layout-constrained\" style=\"padding-top:var(--wp--preset--spacing--normal);padding-right:var(--wp--preset--spacing--normal);padding-bottom:var(--wp--preset--spacing--normal);padding-left:var(--wp--preset--spacing--normal)\">\n<div class=\"wp-block-columns alignwide are-vertically-aligned-center is-layout-flex wp-container-core-columns-is-layout-9f25c019 wp-block-columns-is-layout-flex\">\n<div class=\"wp-block-column is-vertically-aligned-center is-layout-flow wp-block-column-is-layout-flow\">\n<figure class=\"wp-block-image size-full\"><img loading=\"lazy\" decoding=\"async\" width=\"3366\" height=\"5050\" src=\"https:\/\/80lat.uken.krakow.pl\/wp-content\/uploads\/2026\/02\/IMG_6644-kopia.jpg\" alt=\"\" class=\"wp-image-64\"\/><\/figure>\n<\/div>\n\n\n\n<div class=\"wp-block-column is-vertically-aligned-center is-layout-flow wp-block-column-is-layout-flow\">\n<div class=\"wp-block-columns is-not-stacked-on-mobile is-layout-flex wp-container-core-columns-is-layout-28f84493 wp-block-columns-is-layout-flex\">\n<div class=\"wp-block-column is-layout-flow wp-container-core-column-is-layout-3d072ba8 wp-block-column-is-layout-flow\">\n<div class=\"wp-block-group has-global-padding is-layout-constrained wp-container-core-group-is-layout-f5f3bcb8 wp-block-group-is-layout-constrained\">\n<h2 class=\"wp-block-heading\">e-mail<\/h2>\n\n\n\n<p><a href=\"mailto:info@example.com\"><\/a><a href=\"mailto:promocja@up.krakow.pl\">promocja@uken.krakow.pl<\/a><\/p>\n<\/div>\n\n\n\n<div class=\"wp-block-group has-global-padding is-layout-constrained wp-container-core-group-is-layout-f5f3bcb8 wp-block-group-is-layout-constrained\">\n<h2 class=\"wp-block-heading\">adres<\/h2>\n\n\n\n<p>ul. Podchor\u0105\u017cych 2, pok\u00f3j 28 i 29<\/p>\n<\/div>\n\n\n\n<div class=\"wp-block-group has-global-padding is-layout-constrained wp-container-core-group-is-layout-f5f3bcb8 wp-block-group-is-layout-constrained\">\n<h2 class=\"wp-block-heading\">telefon<\/h2>\n\n\n\n<p><a href=\"mailto:info@example.com\">12 662 74 79<\/a><\/p>\n<\/div>\n<\/div>\n\n\n\n<div class=\"wp-block-column is-layout-flow wp-container-core-column-is-layout-3d072ba8 wp-block-column-is-layout-flow\">\n<div class=\"wp-block-group has-global-padding is-layout-constrained wp-container-core-group-is-layout-f5f3bcb8 wp-block-group-is-layout-constrained\"><\/div>\n\n\n\n<div class=\"wp-block-group has-global-padding is-layout-constrained wp-container-core-group-is-layout-f5f3bcb8 wp-block-group-is-layout-constrained\"><\/div>\n<\/div>\n<\/div>\n<\/div>\n<\/div>\n<\/div>\n\n\n\n<p><\/p>\n","protected":false},"excerpt":{"rendered":"<p>Uniwersytet Komisji Edukacji Narodowej w Krakowie telefon 12 662 60 14 obserwuj nas Facebook Linkedin Instagram X YouTube e-mail info@up.krakow.pl adres ul. Podchor\u0105\u017cych 2, 30-084 Krak\u00f3w Biuro Promocji e-mail promocja@uken.krakow.pl adres ul. Podchor\u0105\u017cych 2, pok\u00f3j 28 i 29 telefon 12 662 74 79<\/p>\n","protected":false},"author":2,"featured_media":0,"parent":0,"menu_order":0,"comment_status":"closed","ping_status":"closed","template":"","meta":{"inline_featured_image":false,"footnotes":""},"class_list":["post-44","page","type-page","status-publish","hentry"],"_links":{"self":[{"href":"https:\/\/80lat.uken.krakow.pl\/index.php\/wp-json\/wp\/v2\/pages\/44","targetHints":{"allow":["GET"]}}],"collection":[{"href":"https:\/\/80lat.uken.krakow.pl\/index.php\/wp-json\/wp\/v2\/pages"}],"about":[{"href":"https:\/\/80lat.uken.krakow.pl\/index.php\/wp-json\/wp\/v2\/types\/page"}],"author":[{"embeddable":true,"href":"https:\/\/80lat.uken.krakow.pl\/index.php\/wp-json\/wp\/v2\/users\/2"}],"replies":[{"embeddable":true,"href":"https:\/\/80lat.uken.krakow.pl\/index.php\/wp-json\/wp\/v2\/comments?post=44"}],"version-history":[{"count":4,"href":"https:\/\/80lat.uken.krakow.pl\/index.php\/wp-json\/wp\/v2\/pages\/44\/revisions"}],"predecessor-version":[{"id":147,"href":"https:\/\/80lat.uken.krakow.pl\/index.php\/wp-json\/wp\/v2\/pages\/44\/revisions\/147"}],"wp:attachment":[{"href":"https:\/\/80lat.uken.krakow.pl\/index.php\/wp-json\/wp\/v2\/media?parent=44"}],"curies":[{"name":"wp","href":"https:\/\/api.w.org\/{rel}","templated":true}]}}