{"id":410,"date":"2026-03-16T10:39:45","date_gmt":"2026-03-16T09:39:45","guid":{"rendered":"https:\/\/80lat.uken.krakow.pl\/?page_id=410"},"modified":"2026-04-26T05:34:23","modified_gmt":"2026-04-26T03:34:23","slug":"410-2","status":"publish","type":"page","link":"https:\/\/80lat.uken.krakow.pl\/index.php\/410-2\/","title":{"rendered":"Ludzie. Nauka. Miasto. Przysz\u0142o\u015b\u0107"},"content":{"rendered":"\n<h2 class=\"wp-block-heading has-color-1-color has-text-color has-link-color has-huge-font-size wp-elements-25ec20231efd7e4746cd0d5e1e25ddb7\" style=\"font-style:normal;font-weight:700;text-transform:uppercase\">Ludzie. Nauka. Miasto. Przysz\u0142o\u015b\u0107<\/h2>\n\n\n\n<p class=\"has-color-1-color has-text-color\" style=\"font-size:clamp(18.959px, 1.185rem + ((1vw - 3.2px) * 1.314), 30px);line-height:1.1\"><br><strong>Spo\u0142eczno\u015b\u0107, kt\u00f3ra tworzy uniwersytet<\/strong><\/p>\n\n\n\n<p class=\"has-color-1-color has-text-color has-link-color has-normal-font-size wp-elements-678dedf3c7bbddcb40f538fcca512b6e\"><strong>Uniwersytet Komisji Edukacji Narodowej w Krakowie to przede wszystkim ludzie \u2013 studenci, naukowcy, doktoranci, absolwenci i pracownicy, kt\u00f3rzy wsp\u00f3lnie tworz\u0105 dynamiczn\u0105 wsp\u00f3lnot\u0119 akademick\u0105.<\/strong><\/p>\n\n\n\n<p>Ponad 20 tysi\u0119cy student\u00f3w rozwija tu swoje pasje i zdobywa wiedz\u0119, korzystaj\u0105c z do\u015bwiadczenia wysoko wykwalifikowanej kadry naukowej. Nasi absolwenci pracuj\u0105 dzi\u015b w szko\u0142ach, instytucjach publicznych, organizacjach spo\u0142ecznych i firmach w ca\u0142ej Polsce i za granic\u0105.<\/p>\n\n\n\n<p class=\"has-normal-font-size\">To w\u0142a\u015bnie ludzie \u2013 ich idee, zaanga\u017cowanie i ciekawo\u015b\u0107 \u015bwiata \u2013 s\u0105 najwi\u0119ksz\u0105 si\u0142\u0105 naszego Uniwersytetu.<\/p>\n\n\n\n<div class=\"wp-block-columns alignwide are-vertically-aligned-top is-layout-flex wp-container-core-columns-is-layout-08c01c1c wp-block-columns-is-layout-flex\">\n<div class=\"wp-block-column is-vertically-aligned-top is-layout-flow wp-block-column-is-layout-flow\">\n<div class=\"wp-block-group wp-container-content-231d8afb is-vertical is-content-justification-left is-nowrap is-layout-flex wp-container-core-group-is-layout-d439c89b wp-block-group-is-layout-flex\" style=\"margin-top:0;margin-bottom:0\">\n<figure class=\"wp-block-image size-full wp-container-content-0733e5d0\"><img loading=\"lazy\" decoding=\"async\" width=\"1200\" height=\"800\" src=\"https:\/\/80lat.uken.krakow.pl\/wp-content\/uploads\/2026\/03\/IMG_3198-kopia-1.jpg\" alt=\"\" class=\"wp-image-412\"\/><\/figure>\n\n\n\n<div class=\"wp-block-group is-vertical is-nowrap is-layout-flex wp-container-core-group-is-layout-5280e479 wp-block-group-is-layout-flex\">\n<p class=\"has-medium-font-size\"><\/p>\n\n\n\n<p class=\"has-small-font-size\"><\/p>\n<\/div>\n<\/div>\n<\/div>\n\n\n\n<div class=\"wp-block-column is-vertically-aligned-top is-layout-flow wp-block-column-is-layout-flow\">\n<div class=\"wp-block-group wp-container-content-231d8afb is-vertical is-layout-flex wp-container-core-group-is-layout-05b43539 wp-block-group-is-layout-flex\" style=\"margin-top:0;margin-bottom:0\">\n<div class=\"wp-block-group is-vertical is-nowrap is-layout-flex wp-container-core-group-is-layout-5280e479 wp-block-group-is-layout-flex\">\n<div style=\"height:0px\" aria-hidden=\"true\" class=\"wp-block-spacer wp-container-content-f96796aa\"><\/div>\n\n\n\n<p class=\"has-medium-font-size\"><\/p>\n\n\n\n<p class=\"has-small-font-size\"><\/p>\n<\/div>\n\n\n\n<figure class=\"wp-block-image size-full\" style=\"font-size:14px\"><img loading=\"lazy\" decoding=\"async\" width=\"1200\" height=\"800\" src=\"https:\/\/80lat.uken.krakow.pl\/wp-content\/uploads\/2026\/03\/IMG_3334-kopia.jpg\" alt=\"\" class=\"wp-image-401\"\/><\/figure>\n<\/div>\n<\/div>\n<\/div>\n\n\n\n<div class=\"wp-block-columns alignwide are-vertically-aligned-top is-layout-flex wp-container-core-columns-is-layout-08c01c1c wp-block-columns-is-layout-flex\">\n<div class=\"wp-block-column is-vertically-aligned-top is-layout-flow wp-block-column-is-layout-flow\">\n<div class=\"wp-block-group wp-container-content-231d8afb is-vertical is-content-justification-left is-nowrap is-layout-flex wp-container-core-group-is-layout-d439c89b wp-block-group-is-layout-flex\" style=\"margin-top:0;margin-bottom:0\">\n<figure class=\"wp-block-image size-full wp-container-content-0733e5d0\"><img loading=\"lazy\" decoding=\"async\" width=\"1200\" height=\"800\" src=\"https:\/\/80lat.uken.krakow.pl\/wp-content\/uploads\/2026\/03\/IMG_3418-Poprawione-NR-kopia.jpg\" alt=\"\" class=\"wp-image-432\"\/><\/figure>\n\n\n\n<div class=\"wp-block-group is-vertical is-nowrap is-layout-flex wp-container-core-group-is-layout-5280e479 wp-block-group-is-layout-flex\">\n<p class=\"has-medium-font-size\"><\/p>\n\n\n\n<p class=\"has-small-font-size\"><\/p>\n<\/div>\n<\/div>\n<\/div>\n\n\n\n<div class=\"wp-block-column is-vertically-aligned-top is-layout-flow wp-block-column-is-layout-flow\">\n<div class=\"wp-block-group wp-container-content-231d8afb is-vertical is-layout-flex wp-container-core-group-is-layout-05b43539 wp-block-group-is-layout-flex\" style=\"margin-top:0;margin-bottom:0\">\n<div class=\"wp-block-group is-vertical is-nowrap is-layout-flex wp-container-core-group-is-layout-5280e479 wp-block-group-is-layout-flex\">\n<div style=\"height:0px\" aria-hidden=\"true\" class=\"wp-block-spacer wp-container-content-f96796aa\"><\/div>\n\n\n\n<p class=\"has-medium-font-size\"><\/p>\n\n\n\n<p class=\"has-small-font-size\"><\/p>\n<\/div>\n\n\n\n<figure class=\"wp-block-image size-full\" style=\"font-size:14px\"><img loading=\"lazy\" decoding=\"async\" width=\"1200\" height=\"800\" src=\"https:\/\/80lat.uken.krakow.pl\/wp-content\/uploads\/2026\/03\/IMG_3520-Poprawione-NR-kopia.jpg\" alt=\"\" class=\"wp-image-433\"\/><\/figure>\n<\/div>\n<\/div>\n<\/div>\n\n\n\n<div class=\"wp-block-columns alignwide are-vertically-aligned-top is-layout-flex wp-container-core-columns-is-layout-08c01c1c wp-block-columns-is-layout-flex\">\n<div class=\"wp-block-column is-vertically-aligned-top is-layout-flow wp-block-column-is-layout-flow\"><\/div>\n\n\n\n<div class=\"wp-block-column is-vertically-aligned-top is-layout-flow wp-block-column-is-layout-flow\"><\/div>\n<\/div>\n\n\n\n<div class=\"wp-block-columns alignwide are-vertically-aligned-top is-layout-flex wp-container-core-columns-is-layout-08c01c1c wp-block-columns-is-layout-flex\">\n<div class=\"wp-block-column is-vertically-aligned-top is-layout-flow wp-block-column-is-layout-flow\">\n<div class=\"wp-block-group wp-container-content-231d8afb is-vertical is-content-justification-left is-nowrap is-layout-flex wp-container-core-group-is-layout-d439c89b wp-block-group-is-layout-flex\" style=\"margin-top:0;margin-bottom:0\">\n<figure class=\"wp-block-image size-full wp-container-content-0733e5d0\"><img loading=\"lazy\" decoding=\"async\" width=\"1200\" height=\"800\" src=\"https:\/\/80lat.uken.krakow.pl\/wp-content\/uploads\/2026\/03\/IMG_7070-Poprawione-NR-kopia.jpg\" alt=\"\" class=\"wp-image-413\"\/><\/figure>\n\n\n\n<div class=\"wp-block-group is-vertical is-nowrap is-layout-flex wp-container-core-group-is-layout-5280e479 wp-block-group-is-layout-flex\">\n<p class=\"has-medium-font-size\"><\/p>\n\n\n\n<p class=\"has-small-font-size\"><\/p>\n<\/div>\n<\/div>\n<\/div>\n\n\n\n<div class=\"wp-block-column is-vertically-aligned-top is-layout-flow wp-block-column-is-layout-flow\">\n<div class=\"wp-block-group wp-container-content-231d8afb is-vertical is-layout-flex wp-container-core-group-is-layout-05b43539 wp-block-group-is-layout-flex\" style=\"margin-top:0;margin-bottom:0\">\n<div class=\"wp-block-group is-vertical is-nowrap is-layout-flex wp-container-core-group-is-layout-5280e479 wp-block-group-is-layout-flex\">\n<div style=\"height:0px\" aria-hidden=\"true\" class=\"wp-block-spacer wp-container-content-f96796aa\"><\/div>\n\n\n\n<p class=\"has-medium-font-size\"><\/p>\n\n\n\n<p class=\"has-small-font-size\"><\/p>\n<\/div>\n\n\n\n<figure class=\"wp-block-image size-full\" style=\"font-size:14px\"><img loading=\"lazy\" decoding=\"async\" width=\"1200\" height=\"800\" src=\"https:\/\/80lat.uken.krakow.pl\/wp-content\/uploads\/2026\/03\/IMG_7368-kopia.jpg\" alt=\"\" class=\"wp-image-392\"\/><\/figure>\n<\/div>\n<\/div>\n<\/div>\n\n\n\n<p class=\"has-color-1-color has-text-color\" style=\"font-size:clamp(18.959px, 1.185rem + ((1vw - 3.2px) * 1.314), 30px);line-height:1.1\"><strong>Badania, kt\u00f3re inspiruj\u0105<\/strong><\/p>\n\n\n\n<p class=\"has-color-1-color has-text-color has-link-color has-normal-font-size wp-elements-391ed41dd99d1a270fc62c5e175275cc\"><strong>Nauka jest sercem Uniwersytetu Komisji Edukacji Narodowej w Krakowie. Ka\u017cdego roku pracownicy badawczo-dydaktyczni realizuj\u0105 oko\u0142o 1000 projekt\u00f3w naukowych, prowadz\u0105c badania w wielu dyscyplinach \u2013 od pedagogiki i psychologii po nauki przyrodnicze, spo\u0142eczne i \u015bcis\u0142e.<\/strong><\/p>\n\n\n\n<p>Rozw\u00f3j bada\u0144 wspieraj\u0105 nowoczesne laboratoria, centra badawcze oraz wsp\u00f3\u0142praca z krajowymi i mi\u0119dzynarodowymi instytucjami naukowymi.<\/p>\n\n\n\n<p class=\"has-normal-font-size\">Dzi\u0119ki temu wiedza tworzona w UKEN znajduje zastosowanie w edukacji, gospodarce i \u017cyciu spo\u0142ecznym.<\/p>\n\n\n\n<div class=\"wp-block-columns alignwide are-vertically-aligned-top is-layout-flex wp-container-core-columns-is-layout-08c01c1c wp-block-columns-is-layout-flex\">\n<div class=\"wp-block-column is-vertically-aligned-top is-layout-flow wp-block-column-is-layout-flow\">\n<div class=\"wp-block-group wp-container-content-231d8afb is-vertical is-content-justification-left is-nowrap is-layout-flex wp-container-core-group-is-layout-d439c89b wp-block-group-is-layout-flex\" style=\"margin-top:0;margin-bottom:0\">\n<figure class=\"wp-block-image size-full wp-container-content-0733e5d0\"><img loading=\"lazy\" decoding=\"async\" width=\"5867\" height=\"3910\" src=\"https:\/\/80lat.uken.krakow.pl\/wp-content\/uploads\/2026\/03\/otwarcie-lab-fizyki-073-1.jpg\" alt=\"\" class=\"wp-image-419\"\/><\/figure>\n\n\n\n<div class=\"wp-block-group is-vertical is-nowrap is-layout-flex wp-container-core-group-is-layout-5280e479 wp-block-group-is-layout-flex\">\n<p class=\"has-medium-font-size\"><\/p>\n\n\n\n<p class=\"has-small-font-size\"><\/p>\n<\/div>\n<\/div>\n<\/div>\n\n\n\n<div class=\"wp-block-column is-vertically-aligned-top is-layout-flow wp-block-column-is-layout-flow\">\n<div class=\"wp-block-group wp-container-content-231d8afb is-vertical is-layout-flex wp-container-core-group-is-layout-05b43539 wp-block-group-is-layout-flex\" style=\"margin-top:0;margin-bottom:0\">\n<div class=\"wp-block-group is-vertical is-nowrap is-layout-flex wp-container-core-group-is-layout-5280e479 wp-block-group-is-layout-flex\">\n<div style=\"height:0px\" aria-hidden=\"true\" class=\"wp-block-spacer wp-container-content-f96796aa\"><\/div>\n\n\n\n<p class=\"has-small-font-size\"><\/p>\n\n\n\n<p class=\"has-small-font-size\"><\/p>\n<\/div>\n\n\n\n<figure class=\"wp-block-image size-full\" style=\"font-size:14px\"><img loading=\"lazy\" decoding=\"async\" width=\"1200\" height=\"800\" src=\"https:\/\/80lat.uken.krakow.pl\/wp-content\/uploads\/2026\/03\/IMG_0388-Poprawione-NR-kopia.jpg\" alt=\"\" class=\"wp-image-420\"\/><\/figure>\n<\/div>\n<\/div>\n<\/div>\n\n\n\n<div class=\"wp-block-columns alignwide are-vertically-aligned-top is-layout-flex wp-container-core-columns-is-layout-08c01c1c wp-block-columns-is-layout-flex\">\n<div class=\"wp-block-column is-vertically-aligned-top is-layout-flow wp-block-column-is-layout-flow\">\n<div class=\"wp-block-group wp-container-content-231d8afb is-vertical is-content-justification-left is-nowrap is-layout-flex wp-container-core-group-is-layout-d439c89b wp-block-group-is-layout-flex\" style=\"margin-top:0;margin-bottom:0\">\n<figure class=\"wp-block-image size-full wp-container-content-0733e5d0\"><img loading=\"lazy\" decoding=\"async\" width=\"1200\" height=\"800\" src=\"https:\/\/80lat.uken.krakow.pl\/wp-content\/uploads\/2026\/03\/IMG_6210-Poprawione-NR-kopia.jpg\" alt=\"\" class=\"wp-image-417\"\/><\/figure>\n\n\n\n<div class=\"wp-block-group is-vertical is-nowrap is-layout-flex wp-container-core-group-is-layout-5280e479 wp-block-group-is-layout-flex\">\n<p class=\"has-medium-font-size\"><\/p>\n\n\n\n<p class=\"has-small-font-size\"><\/p>\n<\/div>\n<\/div>\n<\/div>\n\n\n\n<div class=\"wp-block-column is-vertically-aligned-top is-layout-flow wp-block-column-is-layout-flow\">\n<div class=\"wp-block-group wp-container-content-231d8afb is-vertical is-layout-flex wp-container-core-group-is-layout-05b43539 wp-block-group-is-layout-flex\" style=\"margin-top:0;margin-bottom:0\">\n<div class=\"wp-block-group is-vertical is-nowrap is-layout-flex wp-container-core-group-is-layout-5280e479 wp-block-group-is-layout-flex\">\n<div style=\"height:0px\" aria-hidden=\"true\" class=\"wp-block-spacer wp-container-content-f96796aa\"><\/div>\n\n\n\n<p class=\"has-medium-font-size\"><\/p>\n\n\n\n<p class=\"has-small-font-size\"><\/p>\n<\/div>\n\n\n\n<figure class=\"wp-block-image size-full\" style=\"font-size:14px\"><img loading=\"lazy\" decoding=\"async\" width=\"1200\" height=\"800\" src=\"https:\/\/80lat.uken.krakow.pl\/wp-content\/uploads\/2026\/03\/IMG_6440-Poprawione-NR-kopia.jpg\" alt=\"\" class=\"wp-image-418\"\/><\/figure>\n<\/div>\n<\/div>\n<\/div>\n\n\n\n<div class=\"wp-block-group alignfull has-color-1-background-color has-background has-global-padding is-layout-constrained wp-container-core-group-is-layout-b0fa8cec wp-block-group-is-layout-constrained\" style=\"margin-top:0px;margin-bottom:0px;padding-top:130px;padding-right:30px;padding-bottom:130px;padding-left:30px\">\n<div class=\"wp-block-group alignwide is-content-justification-space-between is-layout-flex wp-container-core-group-is-layout-9366075c wp-block-group-is-layout-flex\">\n<h2 class=\"wp-block-heading has-color-9-color has-text-color has-large-font-size\" style=\"font-style:normal;font-weight:700;line-height:1.3;text-transform:uppercase\">UKEN to wsp\u00f3lnota akademicka, kt\u00f3ra \u0142\u0105czy tradycj\u0119 z innowacj\u0105, nauk\u0119 z praktyk\u0105 <br>oraz lokalne zaanga\u017cowanie z mi\u0119dzynarodow\u0105 wsp\u00f3\u0142prac\u0105.<\/h2>\n\n\n\n<div class=\"wp-block-buttons is-content-justification-right is-layout-flex wp-container-core-buttons-is-layout-d445cf74 wp-block-buttons-is-layout-flex\"><\/div>\n<\/div>\n<\/div>\n\n\n\n<p class=\"has-color-1-color has-text-color\" style=\"font-size:clamp(18.959px, 1.185rem + ((1vw - 3.2px) * 1.314), 30px);line-height:1.1\"><br><strong>Uniwersytet w sercu Krakowa<\/strong><\/p>\n\n\n\n<p class=\"has-color-1-color has-text-color has-link-color has-normal-font-size wp-elements-5731a7ca73ed84e2c73dafb3680d4a4e\"><strong>Krak\u00f3w od wiek\u00f3w jest miastem nauki, kultury i dialogu \u2013 a Uniwersytet Komisji Edukacji Narodowej jest wa\u017cn\u0105 cz\u0119\u015bci\u0105 tej tradycji.<\/strong><\/p>\n\n\n\n<p class=\"has-normal-font-size\">Nasza uczelnia aktywnie wsp\u00f3\u0142tworzy \u017cycie akademickie miasta, uczestnicz\u0105c w wydarzeniach takich jak Festiwal Nauki i Sztuki, Ma\u0142opolska Noc Naukowc\u00f3w czy \u015awiatowy Tydzie\u0144 Przedsi\u0119biorczo\u015bci.<\/p>\n\n\n\n<p class=\"has-normal-font-size\">Dynamiczny rozw\u00f3j uczelni znajduje odzwierciedlenie r\u00f3wnie\u017c w jej przestrzeni. W 2025 roku UKEN pozyska\u0142 pierwszy budynek w krakowskim Podg\u00f3rzu przy ul. J\u00f3zefi\u0144skiej 18, poszerzaj\u0105c swoj\u0105 obecno\u015b\u0107 na mapie miasta i tworz\u0105c nowe mo\u017cliwo\u015bci dla student\u00f3w i pracownik\u00f3w.<\/p>\n\n\n\n<div class=\"wp-block-columns alignwide are-vertically-aligned-top is-layout-flex wp-container-core-columns-is-layout-08c01c1c wp-block-columns-is-layout-flex\">\n<div class=\"wp-block-column is-vertically-aligned-top is-layout-flow wp-block-column-is-layout-flow\">\n<div class=\"wp-block-group wp-container-content-231d8afb is-vertical is-content-justification-left is-nowrap is-layout-flex wp-container-core-group-is-layout-d439c89b wp-block-group-is-layout-flex\" style=\"margin-top:0;margin-bottom:0\">\n<figure class=\"wp-block-image size-full wp-container-content-0733e5d0\"><img loading=\"lazy\" decoding=\"async\" width=\"1200\" height=\"800\" src=\"https:\/\/80lat.uken.krakow.pl\/wp-content\/uploads\/2026\/03\/IMG_2275-kopia.jpg\" alt=\"\" class=\"wp-image-423\"\/><\/figure>\n\n\n\n<div class=\"wp-block-group is-vertical is-nowrap is-layout-flex wp-container-core-group-is-layout-5280e479 wp-block-group-is-layout-flex\">\n<p class=\"has-medium-font-size\"><\/p>\n\n\n\n<p class=\"has-small-font-size\"><\/p>\n<\/div>\n<\/div>\n<\/div>\n\n\n\n<div class=\"wp-block-column is-vertically-aligned-top is-layout-flow wp-block-column-is-layout-flow\">\n<div class=\"wp-block-group wp-container-content-231d8afb is-vertical is-layout-flex wp-container-core-group-is-layout-05b43539 wp-block-group-is-layout-flex\" style=\"margin-top:0;margin-bottom:0\">\n<div class=\"wp-block-group is-vertical is-nowrap is-layout-flex wp-container-core-group-is-layout-5280e479 wp-block-group-is-layout-flex\">\n<div style=\"height:0px\" aria-hidden=\"true\" class=\"wp-block-spacer wp-container-content-f96796aa\"><\/div>\n\n\n\n<p class=\"has-medium-font-size\"><\/p>\n\n\n\n<p class=\"has-small-font-size\"><\/p>\n<\/div>\n\n\n\n<figure class=\"wp-block-image size-full\" style=\"font-size:14px\"><img loading=\"lazy\" decoding=\"async\" width=\"1200\" height=\"800\" src=\"https:\/\/80lat.uken.krakow.pl\/wp-content\/uploads\/2026\/03\/IMG_2421-kopia.jpg\" alt=\"\" class=\"wp-image-424\"\/><\/figure>\n<\/div>\n<\/div>\n<\/div>\n\n\n\n<div class=\"wp-block-columns alignwide are-vertically-aligned-top is-layout-flex wp-container-core-columns-is-layout-08c01c1c wp-block-columns-is-layout-flex\">\n<div class=\"wp-block-column is-vertically-aligned-top is-layout-flow wp-block-column-is-layout-flow\">\n<div class=\"wp-block-group wp-container-content-231d8afb is-vertical is-content-justification-left is-nowrap is-layout-flex wp-container-core-group-is-layout-d439c89b wp-block-group-is-layout-flex\" style=\"margin-top:0;margin-bottom:0\">\n<figure class=\"wp-block-image size-full wp-container-content-0733e5d0\"><img loading=\"lazy\" decoding=\"async\" width=\"1200\" height=\"800\" src=\"https:\/\/80lat.uken.krakow.pl\/wp-content\/uploads\/2026\/03\/IMG_5091-kopia.jpg\" alt=\"\" class=\"wp-image-425\"\/><\/figure>\n\n\n\n<div class=\"wp-block-group is-vertical is-nowrap is-layout-flex wp-container-core-group-is-layout-5280e479 wp-block-group-is-layout-flex\">\n<p class=\"has-medium-font-size\"><\/p>\n\n\n\n<p class=\"has-small-font-size\"><\/p>\n<\/div>\n<\/div>\n<\/div>\n\n\n\n<div class=\"wp-block-column is-vertically-aligned-top is-layout-flow wp-block-column-is-layout-flow\">\n<div class=\"wp-block-group wp-container-content-231d8afb is-vertical is-layout-flex wp-container-core-group-is-layout-05b43539 wp-block-group-is-layout-flex\" style=\"margin-top:0;margin-bottom:0\">\n<div class=\"wp-block-group is-vertical is-nowrap is-layout-flex wp-container-core-group-is-layout-5280e479 wp-block-group-is-layout-flex\">\n<div style=\"height:0px\" aria-hidden=\"true\" class=\"wp-block-spacer wp-container-content-f96796aa\"><\/div>\n\n\n\n<p class=\"has-medium-font-size\"><\/p>\n\n\n\n<p class=\"has-small-font-size\"><\/p>\n<\/div>\n\n\n\n<figure class=\"wp-block-image size-full\" style=\"font-size:14px\"><img loading=\"lazy\" decoding=\"async\" width=\"1200\" height=\"800\" src=\"https:\/\/80lat.uken.krakow.pl\/wp-content\/uploads\/2026\/03\/IMG_4551-kopia.jpg\" alt=\"\" class=\"wp-image-426\"\/><\/figure>\n<\/div>\n<\/div>\n<\/div>\n\n\n\n<div class=\"wp-block-columns alignwide are-vertically-aligned-top is-layout-flex wp-container-core-columns-is-layout-08c01c1c wp-block-columns-is-layout-flex\">\n<div class=\"wp-block-column is-vertically-aligned-top is-layout-flow wp-block-column-is-layout-flow\">\n<div class=\"wp-block-group wp-container-content-231d8afb is-vertical is-content-justification-left is-nowrap is-layout-flex wp-container-core-group-is-layout-d439c89b wp-block-group-is-layout-flex\" style=\"margin-top:0;margin-bottom:0\">\n<figure class=\"wp-block-image size-full wp-container-content-0733e5d0\"><img loading=\"lazy\" decoding=\"async\" width=\"1200\" height=\"800\" src=\"https:\/\/80lat.uken.krakow.pl\/wp-content\/uploads\/2026\/03\/IMG_1130.jpg\" alt=\"\" class=\"wp-image-427\"\/><\/figure>\n\n\n\n<div class=\"wp-block-group is-vertical is-nowrap is-layout-flex wp-container-core-group-is-layout-5280e479 wp-block-group-is-layout-flex\">\n<p class=\"has-medium-font-size\"><\/p>\n\n\n\n<p class=\"has-small-font-size\"><\/p>\n<\/div>\n<\/div>\n<\/div>\n\n\n\n<div class=\"wp-block-column is-vertically-aligned-top is-layout-flow wp-block-column-is-layout-flow\">\n<div class=\"wp-block-group wp-container-content-231d8afb is-vertical is-layout-flex wp-container-core-group-is-layout-05b43539 wp-block-group-is-layout-flex\" style=\"margin-top:0;margin-bottom:0\">\n<div class=\"wp-block-group is-vertical is-nowrap is-layout-flex wp-container-core-group-is-layout-5280e479 wp-block-group-is-layout-flex\">\n<div style=\"height:0px\" aria-hidden=\"true\" class=\"wp-block-spacer wp-container-content-f96796aa\"><\/div>\n\n\n\n<p class=\"has-medium-font-size\"><\/p>\n\n\n\n<p class=\"has-small-font-size\"><\/p>\n<\/div>\n\n\n\n<figure class=\"wp-block-image size-full\" style=\"font-size:14px\"><img loading=\"lazy\" decoding=\"async\" width=\"1200\" height=\"800\" src=\"https:\/\/80lat.uken.krakow.pl\/wp-content\/uploads\/2026\/03\/IMG_1782-kopia.jpg\" alt=\"\" class=\"wp-image-428\"\/><\/figure>\n<\/div>\n<\/div>\n<\/div>\n\n\n\n<p class=\"has-color-1-color has-text-color\" style=\"font-size:clamp(18.959px, 1.185rem + ((1vw - 3.2px) * 1.314), 30px);line-height:1.1\"><br><strong>Edukacja dla kolejnych pokole\u0144<\/strong><\/p>\n\n\n\n<p class=\"has-color-1-color has-text-color has-link-color has-normal-font-size wp-elements-9712bc5fd538668434b2f96e8a66390f\"><strong>Patrz\u0105c w przysz\u0142o\u015b\u0107, Uniwersytet Komisji Edukacji Narodowej w Krakowie pozostaje wierny swojej misji \u2013 rozwijania nauki, edukacji i spo\u0142ecze\u0144stwa.<\/strong><\/p>\n\n\n\n<p>Piel\u0119gnujemy mi\u0119dzynarodow\u0105 wsp\u00f3\u0142prac\u0119 z 244 uczelniami partnerskimi, inwestujemy w nowoczesn\u0105 infrastruktur\u0119 badawcz\u0105 i tworzymy programy kszta\u0142cenia odpowiadaj\u0105ce wyzwaniom wsp\u00f3\u0142czesnego \u015bwiata.<\/p>\n\n\n\n<div class=\"wp-block-columns alignwide are-vertically-aligned-top is-layout-flex wp-container-core-columns-is-layout-08c01c1c wp-block-columns-is-layout-flex\">\n<div class=\"wp-block-column is-vertically-aligned-top is-layout-flow wp-block-column-is-layout-flow\">\n<div class=\"wp-block-group wp-container-content-231d8afb is-vertical is-content-justification-left is-nowrap is-layout-flex wp-container-core-group-is-layout-d439c89b wp-block-group-is-layout-flex\" style=\"margin-top:0;margin-bottom:0\">\n<figure class=\"wp-block-image size-full wp-container-content-0733e5d0\"><img loading=\"lazy\" decoding=\"async\" width=\"1200\" height=\"800\" src=\"https:\/\/80lat.uken.krakow.pl\/wp-content\/uploads\/2026\/03\/IMG_3672-kopia.jpg\" alt=\"\" class=\"wp-image-429\"\/><\/figure>\n\n\n\n<div class=\"wp-block-group is-vertical is-nowrap is-layout-flex wp-container-core-group-is-layout-5280e479 wp-block-group-is-layout-flex\">\n<p class=\"has-medium-font-size\"><\/p>\n\n\n\n<p class=\"has-small-font-size\"><\/p>\n<\/div>\n<\/div>\n<\/div>\n\n\n\n<div class=\"wp-block-column is-vertically-aligned-top is-layout-flow wp-block-column-is-layout-flow\">\n<div class=\"wp-block-group wp-container-content-231d8afb is-vertical is-layout-flex wp-container-core-group-is-layout-05b43539 wp-block-group-is-layout-flex\" style=\"margin-top:0;margin-bottom:0\">\n<div class=\"wp-block-group is-vertical is-nowrap is-layout-flex wp-container-core-group-is-layout-5280e479 wp-block-group-is-layout-flex\">\n<div style=\"height:0px\" aria-hidden=\"true\" class=\"wp-block-spacer wp-container-content-f96796aa\"><\/div>\n\n\n\n<p class=\"has-medium-font-size\"><\/p>\n\n\n\n<p class=\"has-small-font-size\"><\/p>\n<\/div>\n\n\n\n<figure class=\"wp-block-image size-full\" style=\"font-size:14px\"><img loading=\"lazy\" decoding=\"async\" width=\"1024\" height=\"683\" src=\"https:\/\/80lat.uken.krakow.pl\/wp-content\/uploads\/2026\/03\/Prof-Andrzej-Dragan-goscil-w-UKEN-10.jpg\" alt=\"\" class=\"wp-image-430\"\/><\/figure>\n<\/div>\n<\/div>\n<\/div>\n\n\n\n<p class=\"has-normal-font-size\"><\/p>\n\n\n\n<div class=\"wp-block-group alignfull has-color-1-background-color has-background has-global-padding is-layout-constrained wp-container-core-group-is-layout-b0fa8cec wp-block-group-is-layout-constrained\" style=\"margin-top:0px;margin-bottom:0px;padding-top:130px;padding-right:30px;padding-bottom:130px;padding-left:30px\">\n<div class=\"wp-block-group alignwide is-content-justification-space-between is-layout-flex wp-container-core-group-is-layout-9366075c wp-block-group-is-layout-flex\">\n<h2 class=\"wp-block-heading has-color-9-color has-text-color has-large-font-size\" style=\"font-style:normal;font-weight:700;line-height:1.3;text-transform:uppercase\">Naszym celem jest przygotowanie kolejnych pokole\u0144 student\u00f3w <br>do odpowiedzialnego kszta\u0142towania przysz\u0142o\u015bci \u2013 <br>w edukacji, nauce i \u017cyciu spo\u0142ecznym.<\/h2>\n\n\n\n<div class=\"wp-block-buttons is-content-justification-right is-layout-flex wp-container-core-buttons-is-layout-d445cf74 wp-block-buttons-is-layout-flex\"><\/div>\n<\/div>\n<\/div>\n\n\n\n<p><\/p>\n","protected":false},"excerpt":{"rendered":"<p>Ludzie. Nauka. Miasto. Przysz\u0142o\u015b\u0107 Spo\u0142eczno\u015b\u0107, kt\u00f3ra tworzy uniwersytet Uniwersytet Komisji Edukacji Narodowej w Krakowie to przede wszystkim ludzie \u2013 studenci, naukowcy, doktoranci, absolwenci i pracownicy, kt\u00f3rzy wsp\u00f3lnie tworz\u0105 dynamiczn\u0105 wsp\u00f3lnot\u0119 akademick\u0105. Ponad 20 tysi\u0119cy student\u00f3w rozwija tu swoje pasje i zdobywa wiedz\u0119, korzystaj\u0105c z do\u015bwiadczenia wysoko wykwalifikowanej kadry naukowej. Nasi absolwenci pracuj\u0105 dzi\u015b w szko\u0142ach, [&hellip;]<\/p>\n","protected":false},"author":2,"featured_media":0,"parent":0,"menu_order":0,"comment_status":"closed","ping_status":"closed","template":"","meta":{"inline_featured_image":false,"footnotes":""},"class_list":["post-410","page","type-page","status-publish","hentry"],"_links":{"self":[{"href":"https:\/\/80lat.uken.krakow.pl\/index.php\/wp-json\/wp\/v2\/pages\/410","targetHints":{"allow":["GET"]}}],"collection":[{"href":"https:\/\/80lat.uken.krakow.pl\/index.php\/wp-json\/wp\/v2\/pages"}],"about":[{"href":"https:\/\/80lat.uken.krakow.pl\/index.php\/wp-json\/wp\/v2\/types\/page"}],"author":[{"embeddable":true,"href":"https:\/\/80lat.uken.krakow.pl\/index.php\/wp-json\/wp\/v2\/users\/2"}],"replies":[{"embeddable":true,"href":"https:\/\/80lat.uken.krakow.pl\/index.php\/wp-json\/wp\/v2\/comments?post=410"}],"version-history":[{"count":16,"href":"https:\/\/80lat.uken.krakow.pl\/index.php\/wp-json\/wp\/v2\/pages\/410\/revisions"}],"predecessor-version":[{"id":538,"href":"https:\/\/80lat.uken.krakow.pl\/index.php\/wp-json\/wp\/v2\/pages\/410\/revisions\/538"}],"wp:attachment":[{"href":"https:\/\/80lat.uken.krakow.pl\/index.php\/wp-json\/wp\/v2\/media?parent=410"}],"curies":[{"name":"wp","href":"https:\/\/api.w.org\/{rel}","templated":true}]}}