{"id":24,"date":"2026-02-20T10:52:41","date_gmt":"2026-02-20T09:52:41","guid":{"rendered":"https:\/\/80lat.uken.krakow.pl\/?page_id=24"},"modified":"2026-03-18T13:27:20","modified_gmt":"2026-03-18T12:27:20","slug":"kolekcja-jubileuszowa","status":"publish","type":"page","link":"https:\/\/80lat.uken.krakow.pl\/index.php\/kolekcja-jubileuszowa\/","title":{"rendered":"Kolekcja jubileuszowa"},"content":{"rendered":"\n<div class=\"wp-block-columns is-layout-flex wp-container-core-columns-is-layout-28f84493 wp-block-columns-is-layout-flex\">\n<div class=\"wp-block-column is-layout-flow wp-block-column-is-layout-flow\">\n<p class=\"has-color-1-color has-text-color has-link-color has-huge-font-size wp-elements-63d373e7252f76832aad0f983ddd17f5\" style=\"font-style:normal;font-weight:700;text-transform:uppercase\">Kolekcja jubileuszowa<\/p>\n\n\n\n<p class=\"has-color-1-color has-text-color has-link-color has-normal-font-size wp-elements-9fa417b1469375c5932065b0e67d4e3d\"><strong>Z okazji Jubileuszu 80-lecia Uniwersytetu Komisji Edukacji Narodowej w Krakowie poszerzyli\u015bmy ofert\u0119 o specjaln\u0105, limitowan\u0105 lini\u0119 gad\u017cet\u00f3w okoliczno\u015bciowych. Przygotowane produkty zosta\u0142y stworzone z my\u015bl\u0105 o studentach, absolwentach oraz pracownikach UKEN.<\/strong><\/p>\n\n\n\n<p class=\"has-normal-font-size\">Jubileuszowa linia produkt\u00f3w zosta\u0142a zaprojektowana z my\u015bl\u0105 o podkre\u015bleniu przynale\u017cno\u015bci do spo\u0142eczno\u015bci akademickiej oraz upami\u0119tnieniu obchod\u00f3w 80-lecia. Starannie dobrane materia\u0142y, elegancki design i jubileuszowe logo sprawiaj\u0105, \u017ce kolekcja \u0142\u0105czy funkcjonalno\u015b\u0107 z symbolicznym charakterem. To propozycja skierowana do tych, kt\u00f3rzy tworz\u0105 i wsp\u00f3\u0142tworzyli histori\u0119 naszej Uczelni.<\/p>\n<\/div>\n<\/div>\n\n\n\n<div class=\"wp-block-columns is-layout-flex wp-container-core-columns-is-layout-28f84493 wp-block-columns-is-layout-flex\">\n<div class=\"wp-block-column is-layout-flow wp-block-column-is-layout-flow\"><\/div>\n<\/div>\n\n\n\n<div class=\"wp-block-columns alignwide are-vertically-aligned-top is-layout-flex wp-container-core-columns-is-layout-08c01c1c wp-block-columns-is-layout-flex\">\n<div class=\"wp-block-column is-vertically-aligned-top is-layout-flow wp-block-column-is-layout-flow\">\n<div class=\"wp-block-group wp-container-content-231d8afb is-vertical is-content-justification-left is-nowrap is-layout-flex wp-container-core-group-is-layout-d439c89b wp-block-group-is-layout-flex\" style=\"margin-top:0;margin-bottom:0\">\n<figure class=\"wp-block-image size-full wp-container-content-0733e5d0\"><img loading=\"lazy\" decoding=\"async\" width=\"6240\" height=\"4160\" src=\"https:\/\/80lat.uken.krakow.pl\/wp-content\/uploads\/2026\/02\/80-lat-UKEN-teczka-2.jpg\" alt=\"\" class=\"wp-image-28\"\/><\/figure>\n\n\n\n<div class=\"wp-block-group is-vertical is-nowrap is-layout-flex wp-container-core-group-is-layout-5280e479 wp-block-group-is-layout-flex\">\n<p class=\"has-normal-font-size\"><strong>teczki<\/strong><\/p>\n\n\n\n<p class=\"has-normal-font-size\">z logo jubileuszowym<\/p>\n<\/div>\n<\/div>\n<\/div>\n\n\n\n<div class=\"wp-block-column is-vertically-aligned-top is-layout-flow wp-block-column-is-layout-flow\">\n<div class=\"wp-block-group wp-container-content-231d8afb is-vertical is-layout-flex wp-container-core-group-is-layout-05b43539 wp-block-group-is-layout-flex\" style=\"margin-top:0;margin-bottom:0\">\n<div class=\"wp-block-group is-vertical is-nowrap is-layout-flex wp-container-core-group-is-layout-5280e479 wp-block-group-is-layout-flex\">\n<div style=\"height:0px\" aria-hidden=\"true\" class=\"wp-block-spacer wp-container-content-f96796aa\"><\/div>\n\n\n\n<p class=\"has-normal-font-size\"><strong>notatniki<\/strong><\/p>\n\n\n\n<p class=\"has-normal-font-size\">z logo jubileuszowym<\/p>\n<\/div>\n\n\n\n<figure class=\"wp-block-image size-full\" style=\"font-size:14px\"><img loading=\"lazy\" decoding=\"async\" width=\"1200\" height=\"800\" src=\"https:\/\/80lat.uken.krakow.pl\/wp-content\/uploads\/2026\/02\/80-lat-UKEN-notatnik-okladkowy-1.jpg\" alt=\"\" class=\"wp-image-30\"\/><\/figure>\n<\/div>\n<\/div>\n<\/div>\n\n\n\n<div class=\"wp-block-columns alignwide are-vertically-aligned-top is-layout-flex wp-container-core-columns-is-layout-08c01c1c wp-block-columns-is-layout-flex\">\n<div class=\"wp-block-column is-vertically-aligned-top is-layout-flow wp-block-column-is-layout-flow\">\n<div class=\"wp-block-group wp-container-content-231d8afb is-vertical is-content-justification-left is-nowrap is-layout-flex wp-container-core-group-is-layout-d439c89b wp-block-group-is-layout-flex\" style=\"margin-top:0;margin-bottom:0\">\n<figure class=\"wp-block-image size-full wp-container-content-0733e5d0\"><img loading=\"lazy\" decoding=\"async\" width=\"1200\" height=\"1800\" src=\"https:\/\/80lat.uken.krakow.pl\/wp-content\/uploads\/2026\/02\/80-lat-UKEN-torebki-papierowe-biale-1.jpg\" alt=\"\" class=\"wp-image-33\"\/><\/figure>\n\n\n\n<div class=\"wp-block-group is-vertical is-nowrap is-layout-flex wp-container-core-group-is-layout-5280e479 wp-block-group-is-layout-flex\">\n<p class=\"has-normal-font-size\"><strong>torby papierowe<\/strong><\/p>\n\n\n\n<p class=\"has-normal-font-size\">z logo jubileuszowym<\/p>\n<\/div>\n<\/div>\n<\/div>\n\n\n\n<div class=\"wp-block-column is-vertically-aligned-top is-layout-flow wp-block-column-is-layout-flow\">\n<div class=\"wp-block-group wp-container-content-231d8afb is-vertical is-layout-flex wp-container-core-group-is-layout-05b43539 wp-block-group-is-layout-flex\" style=\"margin-top:0;margin-bottom:0\">\n<div class=\"wp-block-group is-vertical is-nowrap is-layout-flex wp-container-core-group-is-layout-5280e479 wp-block-group-is-layout-flex\">\n<div style=\"height:0px\" aria-hidden=\"true\" class=\"wp-block-spacer wp-container-content-f96796aa\"><\/div>\n\n\n\n<p class=\"has-normal-font-size\"><strong>kubki ceramiczne<\/strong><\/p>\n\n\n\n<p class=\"has-normal-font-size\">z logo jubileuszowym<\/p>\n<\/div>\n\n\n\n<figure class=\"wp-block-image size-full\" style=\"font-size:14px\"><img loading=\"lazy\" decoding=\"async\" width=\"1200\" height=\"1799\" src=\"https:\/\/80lat.uken.krakow.pl\/wp-content\/uploads\/2026\/02\/80-lat-UKEN-kubek-ceramiczny-2-1.jpg\" alt=\"\" class=\"wp-image-32\"\/><\/figure>\n<\/div>\n<\/div>\n<\/div>\n\n\n\n<div class=\"wp-block-columns alignwide are-vertically-aligned-top is-layout-flex wp-container-core-columns-is-layout-08c01c1c wp-block-columns-is-layout-flex\">\n<div class=\"wp-block-column is-vertically-aligned-top is-layout-flow wp-block-column-is-layout-flow\">\n<div class=\"wp-block-group wp-container-content-231d8afb is-vertical is-content-justification-left is-nowrap is-layout-flex wp-container-core-group-is-layout-d439c89b wp-block-group-is-layout-flex\" style=\"margin-top:0;margin-bottom:0\">\n<figure class=\"wp-block-image size-full wp-container-content-0733e5d0\"><img loading=\"lazy\" decoding=\"async\" width=\"1200\" height=\"800\" src=\"https:\/\/80lat.uken.krakow.pl\/wp-content\/uploads\/2026\/02\/80-lat-UKEN-filizanka-ze-spodkiem-5.jpg\" alt=\"\" class=\"wp-image-34\"\/><\/figure>\n\n\n\n<div class=\"wp-block-group is-vertical is-nowrap is-layout-flex wp-container-core-group-is-layout-5280e479 wp-block-group-is-layout-flex\">\n<p class=\"has-normal-font-size\"><strong>fili\u017canki porcelanowe<\/strong><\/p>\n\n\n\n<p class=\"has-normal-font-size\">z logo jubileuszowym<\/p>\n<\/div>\n<\/div>\n<\/div>\n\n\n\n<div class=\"wp-block-column is-vertically-aligned-top is-layout-flow wp-block-column-is-layout-flow\">\n<div class=\"wp-block-group wp-container-content-231d8afb is-vertical is-layout-flex wp-container-core-group-is-layout-05b43539 wp-block-group-is-layout-flex\" style=\"margin-top:0;margin-bottom:0\">\n<div class=\"wp-block-group is-vertical is-nowrap is-layout-flex wp-container-core-group-is-layout-5280e479 wp-block-group-is-layout-flex\">\n<div style=\"height:0px\" aria-hidden=\"true\" class=\"wp-block-spacer wp-container-content-f96796aa\"><\/div>\n\n\n\n<p class=\"has-normal-font-size\"><strong>herbaty: Lemon Twist oraz Earl Grey<\/strong><\/p>\n\n\n\n<p class=\"has-normal-font-size\">z logo jubileuszowym<\/p>\n<\/div>\n\n\n\n<figure class=\"wp-block-image size-full\" style=\"font-size:14px\"><img loading=\"lazy\" decoding=\"async\" width=\"1200\" height=\"1800\" src=\"https:\/\/80lat.uken.krakow.pl\/wp-content\/uploads\/2026\/02\/80-lat-UKEN-herbaty-2.jpg\" alt=\"\" class=\"wp-image-35\"\/><\/figure>\n<\/div>\n<\/div>\n<\/div>\n\n\n\n<div class=\"wp-block-columns is-layout-flex wp-container-core-columns-is-layout-28f84493 wp-block-columns-is-layout-flex\">\n<div class=\"wp-block-column is-layout-flow wp-block-column-is-layout-flow\">\n<p class=\"has-normal-font-size\">Nasza kolekcja to nie tylko praktyczne przedmioty codziennego u\u017cytku, ale tak\u017ce pami\u0105tka wyj\u0105tkowego momentu w historii Uniwersytetu Komisji Edukacji Narodowej w Krakowie. Zapraszamy do zapoznania si\u0119 z ofert\u0105 i wsp\u00f3lnego \u015bwi\u0119towania 80 lat tradycji, rozwoju i akademickiej wsp\u00f3lnoty.<\/p>\n\n\n\n<p class=\"has-normal-font-size\">Szczeg\u00f3\u0142owe informacje o kolekcji mo\u017cna uzyska\u0107 w Biurze Promocji (ul. Podchor\u0105\u017cych 2, pok\u00f3j 29, telefon 12 662 61 67) oraz w <a href=\"https:\/\/intranet.uken.krakow.pl\/administracja_centralna\/biuro_promocji\/Lists\/gadety%20biura%20promocji\/AllItems.aspx\" data-type=\"link\" data-id=\"https:\/\/intranet.uken.krakow.pl\/administracja_centralna\/biuro_promocji\/Lists\/gadety%20biura%20promocji\/AllItems.aspx\" target=\"_blank\" rel=\"noreferrer noopener\">intranecie<\/a>.<\/p>\n<\/div>\n<\/div>\n\n\n\n<p><\/p>\n","protected":false},"excerpt":{"rendered":"<p>Kolekcja jubileuszowa Z okazji Jubileuszu 80-lecia Uniwersytetu Komisji Edukacji Narodowej w Krakowie poszerzyli\u015bmy ofert\u0119 o specjaln\u0105, limitowan\u0105 lini\u0119 gad\u017cet\u00f3w okoliczno\u015bciowych. Przygotowane produkty zosta\u0142y stworzone z my\u015bl\u0105 o studentach, absolwentach oraz pracownikach UKEN. Jubileuszowa linia produkt\u00f3w zosta\u0142a zaprojektowana z my\u015bl\u0105 o podkre\u015bleniu przynale\u017cno\u015bci do spo\u0142eczno\u015bci akademickiej oraz upami\u0119tnieniu obchod\u00f3w 80-lecia. Starannie dobrane materia\u0142y, elegancki design i [&hellip;]<\/p>\n","protected":false},"author":2,"featured_media":0,"parent":0,"menu_order":0,"comment_status":"closed","ping_status":"closed","template":"","meta":{"inline_featured_image":false,"footnotes":""},"class_list":["post-24","page","type-page","status-publish","hentry"],"_links":{"self":[{"href":"https:\/\/80lat.uken.krakow.pl\/index.php\/wp-json\/wp\/v2\/pages\/24","targetHints":{"allow":["GET"]}}],"collection":[{"href":"https:\/\/80lat.uken.krakow.pl\/index.php\/wp-json\/wp\/v2\/pages"}],"about":[{"href":"https:\/\/80lat.uken.krakow.pl\/index.php\/wp-json\/wp\/v2\/types\/page"}],"author":[{"embeddable":true,"href":"https:\/\/80lat.uken.krakow.pl\/index.php\/wp-json\/wp\/v2\/users\/2"}],"replies":[{"embeddable":true,"href":"https:\/\/80lat.uken.krakow.pl\/index.php\/wp-json\/wp\/v2\/comments?post=24"}],"version-history":[{"count":5,"href":"https:\/\/80lat.uken.krakow.pl\/index.php\/wp-json\/wp\/v2\/pages\/24\/revisions"}],"predecessor-version":[{"id":496,"href":"https:\/\/80lat.uken.krakow.pl\/index.php\/wp-json\/wp\/v2\/pages\/24\/revisions\/496"}],"wp:attachment":[{"href":"https:\/\/80lat.uken.krakow.pl\/index.php\/wp-json\/wp\/v2\/media?parent=24"}],"curies":[{"name":"wp","href":"https:\/\/api.w.org\/{rel}","templated":true}]}}