{"id":120,"date":"2026-03-02T09:42:42","date_gmt":"2026-03-02T08:42:42","guid":{"rendered":"https:\/\/80lat.uken.krakow.pl\/?page_id=120"},"modified":"2026-03-12T14:28:32","modified_gmt":"2026-03-12T13:28:32","slug":"jubileusz","status":"publish","type":"page","link":"https:\/\/80lat.uken.krakow.pl\/index.php\/jubileusz\/","title":{"rendered":"Jubileusz"},"content":{"rendered":"\n<div class=\"wp-block-columns is-layout-flex wp-container-core-columns-is-layout-28f84493 wp-block-columns-is-layout-flex\">\n<div class=\"wp-block-column is-layout-flow wp-block-column-is-layout-flow\"><\/div>\n<\/div>\n\n\n\n<div class=\"wp-block-columns is-layout-flex wp-container-core-columns-is-layout-28f84493 wp-block-columns-is-layout-flex\">\n<div class=\"wp-block-column is-layout-flow wp-block-column-is-layout-flow\"><\/div>\n\n\n\n<div class=\"wp-block-column is-layout-flow wp-block-column-is-layout-flow\"><\/div>\n<\/div>\n\n\n\n<p class=\"has-color-1-color has-text-color has-link-color has-huge-font-size wp-elements-3c9b33724d9323e8bf45d4f9a868009a\" style=\"font-style:normal;font-weight:700;text-transform:uppercase\">Jubileusz<\/p>\n\n\n\n<h2 class=\"wp-block-heading\" style=\"font-size:clamp(22.041px, 1.378rem + ((1vw - 3.2px) * 1.662), 36px);line-height:1.4\"><strong>Szanowni Pa\u0144stwo,<\/strong><\/h2>\n\n\n\n<div class=\"wp-block-columns is-layout-flex wp-container-core-columns-is-layout-28f84493 wp-block-columns-is-layout-flex\">\n<div class=\"wp-block-column is-layout-flow wp-block-column-is-layout-flow\">\n<p class=\"has-color-1-color has-text-color has-link-color wp-elements-d1ba63507eaecb460e3ebf4b7d17cf35\" style=\"font-size:clamp(14px, 0.875rem + ((1vw - 3.2px) * 0.238), 16px);\"><strong>w roku 2026 Uniwersytet Komisji Edukacji Narodowej w Krakowie obchodzi osiemdziesi\u0105t\u0105 rocznic\u0119 powstania.<\/strong><\/p>\n\n\n\n<p style=\"font-size:clamp(14px, 0.875rem + ((1vw - 3.2px) * 0.238), 16px);\">Jubileusz ten stanowi donios\u0142\u0105 okazj\u0119 nie tylko do refleksji nad przesz\u0142o\u015bci\u0105 i podsumowania dotychczasowych osi\u0105gni\u0119\u0107, lecz nade wszystko do namys\u0142u nad tera\u017aniejszo\u015bci\u0105 oraz odpowiedzialnego kre\u015blenia wizji przysz\u0142o\u015bci.<\/p>\n<\/div>\n\n\n\n<div class=\"wp-block-column is-layout-flow wp-block-column-is-layout-flow\">\n<p style=\"font-size:0px\">Spogl\u0105daj\u0105c na dzieje Uniwersytetu Komisji Edukacji Narodowej w Krakowie, dostrzegamy, jak na przestrzeni minionych o\u015bmiu dekad Uczelnia konsekwentnie si\u0119 przeobra\u017ca\u0142a \u2013 nie tylko odpowiadaj\u0105c na potrzeby spo\u0142eczne, lecz r\u00f3wnie\u017c odwa\u017cnie wyznaczaj\u0105c nowe kierunki rozwoju oraz formu\u0142uj\u0105c autorskie rozwi\u0105zania.<\/p>\n<\/div>\n<\/div>\n\n\n\n<div class=\"wp-block-columns alignwide are-vertically-aligned-top is-layout-flex wp-container-core-columns-is-layout-08c01c1c wp-block-columns-is-layout-flex\">\n<div class=\"wp-block-column is-vertically-aligned-top is-layout-flow wp-block-column-is-layout-flow\">\n<div class=\"wp-block-group wp-container-content-231d8afb is-vertical is-content-justification-left is-nowrap is-layout-flex wp-container-core-group-is-layout-d439c89b wp-block-group-is-layout-flex\" style=\"margin-top:0;margin-bottom:0\">\n<figure class=\"wp-block-image size-full wp-container-content-0733e5d0\"><img loading=\"lazy\" decoding=\"async\" width=\"5457\" height=\"3638\" src=\"https:\/\/80lat.uken.krakow.pl\/wp-content\/uploads\/2026\/02\/IMG_3404-kopia.jpg\" alt=\"p.o. Rektor Uniwersytetu Komisji Edukacji Narodowej w Krakowie dr hab. Wojciech B\u0105k, prof. UKEN\" class=\"wp-image-13\"\/><\/figure>\n\n\n\n<div class=\"wp-block-group is-vertical is-nowrap is-layout-flex wp-container-core-group-is-layout-5280e479 wp-block-group-is-layout-flex\">\n<p class=\"has-medium-font-size\"><\/p>\n\n\n\n<p class=\"has-small-font-size\"><\/p>\n<\/div>\n<\/div>\n<\/div>\n\n\n\n<div class=\"wp-block-column is-vertically-aligned-top is-layout-flow wp-block-column-is-layout-flow\">\n<div class=\"wp-block-group wp-container-content-231d8afb is-vertical is-layout-flex wp-container-core-group-is-layout-05b43539 wp-block-group-is-layout-flex\" style=\"margin-top:0;margin-bottom:0\">\n<div class=\"wp-block-group is-vertical is-nowrap is-layout-flex wp-container-core-group-is-layout-5280e479 wp-block-group-is-layout-flex\">\n<div style=\"height:0px\" aria-hidden=\"true\" class=\"wp-block-spacer wp-container-content-f96796aa\"><\/div>\n\n\n\n<p class=\"has-medium-font-size\"><\/p>\n\n\n\n<p class=\"has-small-font-size\"><\/p>\n<\/div>\n\n\n\n<figure class=\"wp-block-image size-full\" style=\"font-size:14px\"><img loading=\"lazy\" decoding=\"async\" width=\"800\" height=\"1200\" src=\"https:\/\/80lat.uken.krakow.pl\/wp-content\/uploads\/2026\/03\/IMG_0130-Poprawione-NR-kopia-1.jpg\" alt=\"\" class=\"wp-image-380\"\/><\/figure>\n<\/div>\n<\/div>\n<\/div>\n\n\n\n<div class=\"wp-block-columns alignwide are-vertically-aligned-top is-layout-flex wp-container-core-columns-is-layout-08c01c1c wp-block-columns-is-layout-flex\">\n<div class=\"wp-block-column is-vertically-aligned-top is-layout-flow wp-block-column-is-layout-flow\"><\/div>\n\n\n\n<div class=\"wp-block-column is-vertically-aligned-top is-layout-flow wp-block-column-is-layout-flow\"><\/div>\n<\/div>\n\n\n\n<h2 class=\"wp-block-heading\" style=\"font-size:clamp(22.041px, 1.378rem + ((1vw - 3.2px) * 1.662), 36px);line-height:1.4\"><strong>W ci\u0105gu tych lat Uczelnia w spos\u00f3b znacz\u0105cy poszerzy\u0142a i unowocze\u015bni\u0142a swoj\u0105 ofert\u0119 dydaktyczn\u0105, a zarazem umocni\u0142a swoj\u0105 pozycj\u0119 jako istotnego i cenionego o\u015brodka bada\u0144 naukowych.<\/strong><\/h2>\n\n\n\n<div class=\"wp-block-columns alignwide are-vertically-aligned-top is-layout-flex wp-container-core-columns-is-layout-08c01c1c wp-block-columns-is-layout-flex\">\n<div class=\"wp-block-column is-vertically-aligned-top is-layout-flow wp-block-column-is-layout-flow\">\n<div class=\"wp-block-group wp-container-content-231d8afb is-vertical is-content-justification-left is-nowrap is-layout-flex wp-container-core-group-is-layout-d439c89b wp-block-group-is-layout-flex\" style=\"margin-top:0;margin-bottom:0\">\n<figure class=\"wp-block-image size-full wp-container-content-0733e5d0\"><img loading=\"lazy\" decoding=\"async\" width=\"3366\" height=\"5050\" src=\"https:\/\/80lat.uken.krakow.pl\/wp-content\/uploads\/2026\/03\/IMG_6644-kopia.jpg\" alt=\"\" class=\"wp-image-138\"\/><\/figure>\n\n\n\n<div class=\"wp-block-group is-vertical is-nowrap is-layout-flex wp-container-core-group-is-layout-5280e479 wp-block-group-is-layout-flex\">\n<p class=\"has-medium-font-size\"><\/p>\n\n\n\n<p class=\"has-small-font-size\"><\/p>\n<\/div>\n<\/div>\n<\/div>\n\n\n\n<div class=\"wp-block-column is-vertically-aligned-top is-layout-flow wp-block-column-is-layout-flow\">\n<div class=\"wp-block-group wp-container-content-231d8afb is-vertical is-layout-flex wp-container-core-group-is-layout-05b43539 wp-block-group-is-layout-flex\" style=\"margin-top:0;margin-bottom:0\">\n<div class=\"wp-block-group is-vertical is-nowrap is-layout-flex wp-container-core-group-is-layout-5280e479 wp-block-group-is-layout-flex\">\n<div style=\"height:0px\" aria-hidden=\"true\" class=\"wp-block-spacer wp-container-content-f96796aa\"><\/div>\n\n\n\n<p class=\"has-medium-font-size\"><\/p>\n\n\n\n<p class=\"has-small-font-size\"><\/p>\n<\/div>\n\n\n\n<figure class=\"wp-block-image size-full\" style=\"font-size:14px\"><img loading=\"lazy\" decoding=\"async\" width=\"5803\" height=\"3869\" src=\"https:\/\/80lat.uken.krakow.pl\/wp-content\/uploads\/2026\/03\/IMG_6084-kopia.jpg\" alt=\"\" class=\"wp-image-137\"\/><\/figure>\n<\/div>\n<\/div>\n<\/div>\n\n\n\n<div class=\"wp-block-columns is-layout-flex wp-container-core-columns-is-layout-28f84493 wp-block-columns-is-layout-flex\">\n<div class=\"wp-block-column is-layout-flow wp-block-column-is-layout-flow\">\n<p style=\"font-size:clamp(14px, 0.875rem + ((1vw - 3.2px) * 0.238), 16px);\">Histori\u0119, tera\u017aniejszo\u015b\u0107 i przysz\u0142o\u015b\u0107 Uniwersytetu Komisji Edukacji Narodowej w Krakowie wsp\u00f3\u0142tworz\u0105 przede wszystkim ludzie \u2013 pracownicy, studenci, doktoranci, absolwenci, kandydaci na studia oraz liczne grono partner\u00f3w i przyjaci\u00f3\u0142 Uczelni, kt\u00f3rzy poprzez swoj\u0105 wiedz\u0119, zaanga\u017cowanie i pasj\u0119 buduj\u0105 jej rang\u0119 oraz to\u017csamo\u015b\u0107.<\/p>\n\n\n\n<p style=\"font-size:clamp(14px, 0.875rem + ((1vw - 3.2px) * 0.238), 16px);\">Wierz\u0119, \u017ce jubileusz powstania Uniwersytetu Komisji Edukacji Narodowej w Krakowie stanie si\u0119 wsp\u00f3lnym \u015bwi\u0119tem wszystkich, kt\u00f3rzy identyfikuj\u0105 si\u0119 z nasz\u0105 Wsp\u00f3lnot\u0105 Akademick\u0105 i wsp\u00f3\u0142tworz\u0105 jej dziedzictwo.<\/p>\n<\/div>\n\n\n\n<div class=\"wp-block-column is-layout-flow wp-block-column-is-layout-flow\">\n<p style=\"font-size:clamp(14px, 0.875rem + ((1vw - 3.2px) * 0.238), 16px);\">Zapraszam zatem do aktywnego udzia\u0142u w wydarzeniach i przedsi\u0119wzi\u0119ciach jubileuszowych, kt\u00f3re przygotowali\u015bmy na ten wyj\u0105tkowy rok. Jestem przekonany, \u017ce stan\u0105 si\u0119 one impulsem do dalszego, dynamicznego rozwoju Uczelni oraz do umacniania jej znaczenia w przestrzeni naukowej, edukacyjnej i spo\u0142ecznej.<\/p>\n\n\n\n<p><\/p>\n\n\n\n<figure class=\"wp-block-image size-full\"><img loading=\"lazy\" decoding=\"async\" width=\"299\" height=\"90\" src=\"https:\/\/80lat.uken.krakow.pl\/wp-content\/uploads\/2026\/03\/Zasob-1@2x.png\" alt=\"Wojciech B\u0105k (podpis)\" class=\"wp-image-284\"\/><\/figure>\n\n\n\n<p class=\"has-color-1-color has-text-color has-link-color wp-elements-667dc3aaba3e140610849be4a9ea9340\" style=\"font-size:clamp(14px, 0.875rem + ((1vw - 3.2px) * 0.238), 16px);\"><strong>dr hab. Wojciech B\u0105k, prof. UKEN<br>p.o. Rektor Uniwersytetu Komisji Edukacji Narodowej w Krakowie<\/strong><\/p>\n<\/div>\n<\/div>\n\n\n\n<p><\/p>\n","protected":false},"excerpt":{"rendered":"<p>Jubileusz Szanowni Pa\u0144stwo, w roku 2026 Uniwersytet Komisji Edukacji Narodowej w Krakowie obchodzi osiemdziesi\u0105t\u0105 rocznic\u0119 powstania. Jubileusz ten stanowi donios\u0142\u0105 okazj\u0119 nie tylko do refleksji nad przesz\u0142o\u015bci\u0105 i podsumowania dotychczasowych osi\u0105gni\u0119\u0107, lecz nade wszystko do namys\u0142u nad tera\u017aniejszo\u015bci\u0105 oraz odpowiedzialnego kre\u015blenia wizji przysz\u0142o\u015bci. Spogl\u0105daj\u0105c na dzieje Uniwersytetu Komisji Edukacji Narodowej w Krakowie, dostrzegamy, jak na [&hellip;]<\/p>\n","protected":false},"author":2,"featured_media":0,"parent":0,"menu_order":0,"comment_status":"closed","ping_status":"closed","template":"","meta":{"inline_featured_image":false,"footnotes":""},"class_list":["post-120","page","type-page","status-publish","hentry"],"_links":{"self":[{"href":"https:\/\/80lat.uken.krakow.pl\/index.php\/wp-json\/wp\/v2\/pages\/120","targetHints":{"allow":["GET"]}}],"collection":[{"href":"https:\/\/80lat.uken.krakow.pl\/index.php\/wp-json\/wp\/v2\/pages"}],"about":[{"href":"https:\/\/80lat.uken.krakow.pl\/index.php\/wp-json\/wp\/v2\/types\/page"}],"author":[{"embeddable":true,"href":"https:\/\/80lat.uken.krakow.pl\/index.php\/wp-json\/wp\/v2\/users\/2"}],"replies":[{"embeddable":true,"href":"https:\/\/80lat.uken.krakow.pl\/index.php\/wp-json\/wp\/v2\/comments?post=120"}],"version-history":[{"count":13,"href":"https:\/\/80lat.uken.krakow.pl\/index.php\/wp-json\/wp\/v2\/pages\/120\/revisions"}],"predecessor-version":[{"id":381,"href":"https:\/\/80lat.uken.krakow.pl\/index.php\/wp-json\/wp\/v2\/pages\/120\/revisions\/381"}],"wp:attachment":[{"href":"https:\/\/80lat.uken.krakow.pl\/index.php\/wp-json\/wp\/v2\/media?parent=120"}],"curies":[{"name":"wp","href":"https:\/\/api.w.org\/{rel}","templated":true}]}}